{"id":11,"date":"2021-12-05T13:26:32","date_gmt":"2021-12-05T13:26:32","guid":{"rendered":"https:\/\/petra-kost-malerei.local\/?page_id=11"},"modified":"2025-12-21T11:08:52","modified_gmt":"2025-12-21T10:08:52","slug":"home","status":"publish","type":"page","link":"https:\/\/petra-kost.com\/en\/","title":{"rendered":"Home"},"content":{"rendered":"<p>[et_pb_section fb_built=&#8220;1&#8243; fullwidth=&#8220;on&#8220; _builder_version=&#8220;4.27.4&#8243; _module_preset=&#8220;default&#8220; height=&#8220;80%&#8220; custom_margin=&#8220;||||false|false&#8220; custom_padding=&#8220;||||false|false&#8220; animation_style=&#8220;slide&#8220; animation_direction=&#8220;bottom&#8220; animation_intensity_slide=&#8220;3%&#8220; global_colors_info=&#8220;{}&#8220;][et_pb_fullwidth_slider use_bg_overlay=&#8220;off&#8220; use_text_overlay=&#8220;on&#8220; _builder_version=&#8220;4.27.4&#8243; _module_preset=&#8220;default&#8220; custom_padding=&#8220;24%||24%||true|false&#8220; custom_padding_tablet=&#8220;40%||40%||true|false&#8220; custom_padding_phone=&#8220;40%||40%||true|false&#8220; custom_padding_last_edited=&#8220;on|desktop&#8220; global_colors_info=&#8220;{}&#8220;][et_pb_slide use_text_overlay=&#8220;off&#8220; _builder_version=&#8220;4.27.4&#8243; _module_preset=&#8220;default&#8220; background_image=&#8220;http:\/\/petra-kost.com\/wp-content\/uploads\/2025\/07\/Shechina-2025.jpg&#8220; background_enable_image=&#8220;on&#8220; custom_padding=&#8220;||||false|false&#8220; global_colors_info=&#8220;{}&#8220; sticky_transition=&#8220;on&#8220;][\/et_pb_slide][\/et_pb_fullwidth_slider][\/et_pb_section][et_pb_section fb_built=&#8220;1&#8243; _builder_version=&#8220;4.27.4&#8243; custom_padding=&#8220;25px||25px||true|false&#8220; animation_style=&#8220;slide&#8220; animation_direction=&#8220;bottom&#8220; animation_intensity_slide=&#8220;5%&#8220; global_colors_info=&#8220;{}&#8220;][et_pb_row _builder_version=&#8220;4.16&#8243; background_size=&#8220;initial&#8220; background_position=&#8220;top_left&#8220; background_repeat=&#8220;repeat&#8220; global_colors_info=&#8220;{}&#8220;][et_pb_column type=&#8220;4_4&#8243; _builder_version=&#8220;4.16&#8243; custom_padding=&#8220;|||&#8220; global_colors_info=&#8220;{}&#8220; custom_padding__hover=&#8220;|||&#8220;][et_pb_text _builder_version=&#8220;4.27.5&#8243; text_font=&#8220;||||||||&#8220; header_3_font=&#8220;Montserrat-regular||||||||&#8220; header_3_font_size=&#8220;24px&#8220; header_3_line_height=&#8220;1.4em&#8220; background_size=&#8220;initial&#8220; background_position=&#8220;top_left&#8220; background_repeat=&#8220;repeat&#8220; hover_enabled=&#8220;0&#8243; header_3_font_size_tablet=&#8220;21px&#8220; header_3_font_size_phone=&#8220;19px&#8220; header_3_font_size_last_edited=&#8220;on|desktop&#8220; global_colors_info=&#8220;{}&#8220; sticky_enabled=&#8220;0&#8243;]<\/p>\n<h3><em>In der Akzeptanz des Paradoxen liegt die M\u00f6glichkeit, unsere Welt tiefer, ehrlicher und letztlich menschlicher zu machen.<\/em><\/h3>\n<p><em>Petra Kost<\/em><\/p>\n<p>[\/et_pb_text][\/et_pb_column][\/et_pb_row][\/et_pb_section]<\/p>\n","protected":false},"excerpt":{"rendered":"<p>In der Akzeptanz des Paradoxen liegt die M\u00f6glichkeit, unsere Welt tiefer, ehrlicher und letztlich menschlicher zu machen. Petra Kost<\/p>","protected":false},"author":1,"featured_media":685,"parent":0,"menu_order":0,"comment_status":"closed","ping_status":"closed","template":"","meta":{"_et_pb_use_builder":"on","_et_pb_old_content":"<h3><em>Experimentieren. Schauen wie verschiedene Farben und Substanzen miteinander reagieren. Flie\u00dfen lassen. Mit Zufallstechniken der Intuition freien Raum geben. Bewu\u00dft deckende Schichten setzen, Fl\u00e4chen gestalten und Formen entstehen lassen.<\/em><\/h3>\n<em>Auseinandersetzung und Dialog: Wohin will das Bild?<\/em>\n\n<em>Gegens\u00e4tze als Extrempole des gleichen Kontinuums verstehen: Abstrakt. Figurativ. Chaos. Struktur. Dynamik. Ruhe.<\/em>\n\n<em>Eine Balance finden und Assoziationsr\u00e4ume entstehen lassen. Das m\u00f6chte ich. Und dann alles \u00fcber den Haufen werfen und neu anfangen.<\/em>\n<h3><em>Petra Kost<\/em><\/h3>","_et_gb_content_width":"","footnotes":""},"class_list":["post-11","page","type-page","status-publish","has-post-thumbnail","hentry"],"yoast_head":"<!-- This site is optimized with the Yoast SEO plugin v27.2 - https:\/\/yoast.com\/product\/yoast-seo-wordpress\/ -->\n<title>Petra Kost Malerei | Painting<\/title>\n<meta name=\"description\" content=\"Experimentieren. Schauen wie verschiedene Farben und Substanzen miteinander reagieren. Flie\u00dfen lassen. Bewu\u00dft deckende Schichten setzen ...\" \/>\n<meta name=\"robots\" content=\"index, follow, max-snippet:-1, max-image-preview:large, max-video-preview:-1\" \/>\n<link rel=\"canonical\" href=\"https:\/\/petra-kost.com\/en\/\" \/>\n<meta property=\"og:locale\" content=\"en_GB\" \/>\n<meta property=\"og:type\" content=\"article\" \/>\n<meta property=\"og:title\" content=\"Petra Kost Malerei | Painting\" \/>\n<meta property=\"og:description\" content=\"Experimentieren. Schauen wie verschiedene Farben und Substanzen miteinander reagieren. Flie\u00dfen lassen. Bewu\u00dft deckende Schichten setzen ...\" \/>\n<meta property=\"og:url\" content=\"https:\/\/petra-kost.com\/en\/\" \/>\n<meta property=\"og:site_name\" content=\"Petra Kost\" \/>\n<meta property=\"article:modified_time\" content=\"2025-12-21T10:08:52+00:00\" \/>\n<meta property=\"og:image\" content=\"https:\/\/petra-kost.com\/wp-content\/uploads\/2021\/12\/cropped-icon-petra-kost-malerei.jpg\" \/>\n\t<meta property=\"og:image:width\" content=\"512\" \/>\n\t<meta property=\"og:image:height\" content=\"512\" \/>\n\t<meta property=\"og:image:type\" content=\"image\/jpeg\" \/>\n<meta name=\"twitter:card\" content=\"summary_large_image\" \/>\n<meta name=\"twitter:label1\" content=\"Est. reading time\" \/>\n\t<meta name=\"twitter:data1\" content=\"1 minute\" \/>\n<script type=\"application\/ld+json\" class=\"yoast-schema-graph\">{\"@context\":\"https:\/\/schema.org\",\"@graph\":[{\"@type\":\"WebPage\",\"@id\":\"https:\/\/petra-kost.com\/\",\"url\":\"https:\/\/petra-kost.com\/\",\"name\":\"Petra Kost Malerei | Painting\",\"isPartOf\":{\"@id\":\"https:\/\/petra-kost.com\/#website\"},\"primaryImageOfPage\":{\"@id\":\"https:\/\/petra-kost.com\/#primaryimage\"},\"image\":{\"@id\":\"https:\/\/petra-kost.com\/#primaryimage\"},\"thumbnailUrl\":\"https:\/\/petra-kost.com\/wp-content\/uploads\/2021\/12\/cropped-icon-petra-kost-malerei.jpg\",\"datePublished\":\"2021-12-05T13:26:32+00:00\",\"dateModified\":\"2025-12-21T10:08:52+00:00\",\"description\":\"Experimentieren. Schauen wie verschiedene Farben und Substanzen miteinander reagieren. Flie\u00dfen lassen. Bewu\u00dft deckende Schichten setzen ...\",\"breadcrumb\":{\"@id\":\"https:\/\/petra-kost.com\/#breadcrumb\"},\"inLanguage\":\"en-GB\",\"potentialAction\":[{\"@type\":\"ReadAction\",\"target\":[\"https:\/\/petra-kost.com\/\"]}]},{\"@type\":\"ImageObject\",\"inLanguage\":\"en-GB\",\"@id\":\"https:\/\/petra-kost.com\/#primaryimage\",\"url\":\"https:\/\/petra-kost.com\/wp-content\/uploads\/2021\/12\/cropped-icon-petra-kost-malerei.jpg\",\"contentUrl\":\"https:\/\/petra-kost.com\/wp-content\/uploads\/2021\/12\/cropped-icon-petra-kost-malerei.jpg\",\"width\":512,\"height\":512,\"caption\":\"icon Petra Kost\"},{\"@type\":\"BreadcrumbList\",\"@id\":\"https:\/\/petra-kost.com\/#breadcrumb\",\"itemListElement\":[{\"@type\":\"ListItem\",\"position\":1,\"name\":\"Startseite\",\"item\":\"https:\/\/petra-kost.com\/\"},{\"@type\":\"ListItem\",\"position\":2,\"name\":\"Home\"}]},{\"@type\":\"WebSite\",\"@id\":\"https:\/\/petra-kost.com\/#website\",\"url\":\"https:\/\/petra-kost.com\/\",\"name\":\"Petra Kost\",\"description\":\"Kunstwerk am Fischmarkt, Hamburg\",\"potentialAction\":[{\"@type\":\"SearchAction\",\"target\":{\"@type\":\"EntryPoint\",\"urlTemplate\":\"https:\/\/petra-kost.com\/?s={search_term_string}\"},\"query-input\":{\"@type\":\"PropertyValueSpecification\",\"valueRequired\":true,\"valueName\":\"search_term_string\"}}],\"inLanguage\":\"en-GB\"}]}<\/script>\n<!-- \/ Yoast SEO plugin. -->","yoast_head_json":{"title":"Petra Kost Malerei | Painting","description":"Experimentieren. Schauen wie verschiedene Farben und Substanzen miteinander reagieren. Flie\u00dfen lassen. Bewu\u00dft deckende Schichten setzen ...","robots":{"index":"index","follow":"follow","max-snippet":"max-snippet:-1","max-image-preview":"max-image-preview:large","max-video-preview":"max-video-preview:-1"},"canonical":"https:\/\/petra-kost.com\/en\/","og_locale":"en_GB","og_type":"article","og_title":"Petra Kost Malerei | Painting","og_description":"Experimentieren. Schauen wie verschiedene Farben und Substanzen miteinander reagieren. Flie\u00dfen lassen. Bewu\u00dft deckende Schichten setzen ...","og_url":"https:\/\/petra-kost.com\/en\/","og_site_name":"Petra Kost","article_modified_time":"2025-12-21T10:08:52+00:00","og_image":[{"width":512,"height":512,"url":"https:\/\/petra-kost.com\/wp-content\/uploads\/2021\/12\/cropped-icon-petra-kost-malerei.jpg","type":"image\/jpeg"}],"twitter_card":"summary_large_image","twitter_misc":{"Est. reading time":"1 minute"},"schema":{"@context":"https:\/\/schema.org","@graph":[{"@type":"WebPage","@id":"https:\/\/petra-kost.com\/","url":"https:\/\/petra-kost.com\/","name":"Petra Kost Malerei | Painting","isPartOf":{"@id":"https:\/\/petra-kost.com\/#website"},"primaryImageOfPage":{"@id":"https:\/\/petra-kost.com\/#primaryimage"},"image":{"@id":"https:\/\/petra-kost.com\/#primaryimage"},"thumbnailUrl":"https:\/\/petra-kost.com\/wp-content\/uploads\/2021\/12\/cropped-icon-petra-kost-malerei.jpg","datePublished":"2021-12-05T13:26:32+00:00","dateModified":"2025-12-21T10:08:52+00:00","description":"Experimentieren. Schauen wie verschiedene Farben und Substanzen miteinander reagieren. Flie\u00dfen lassen. Bewu\u00dft deckende Schichten setzen ...","breadcrumb":{"@id":"https:\/\/petra-kost.com\/#breadcrumb"},"inLanguage":"en-GB","potentialAction":[{"@type":"ReadAction","target":["https:\/\/petra-kost.com\/"]}]},{"@type":"ImageObject","inLanguage":"en-GB","@id":"https:\/\/petra-kost.com\/#primaryimage","url":"https:\/\/petra-kost.com\/wp-content\/uploads\/2021\/12\/cropped-icon-petra-kost-malerei.jpg","contentUrl":"https:\/\/petra-kost.com\/wp-content\/uploads\/2021\/12\/cropped-icon-petra-kost-malerei.jpg","width":512,"height":512,"caption":"icon Petra Kost"},{"@type":"BreadcrumbList","@id":"https:\/\/petra-kost.com\/#breadcrumb","itemListElement":[{"@type":"ListItem","position":1,"name":"Startseite","item":"https:\/\/petra-kost.com\/"},{"@type":"ListItem","position":2,"name":"Home"}]},{"@type":"WebSite","@id":"https:\/\/petra-kost.com\/#website","url":"https:\/\/petra-kost.com\/","name":"Petra Kost","description":"Kunstwerk am Fischmarkt, Hamburg","potentialAction":[{"@type":"SearchAction","target":{"@type":"EntryPoint","urlTemplate":"https:\/\/petra-kost.com\/?s={search_term_string}"},"query-input":{"@type":"PropertyValueSpecification","valueRequired":true,"valueName":"search_term_string"}}],"inLanguage":"en-GB"}]}},"_links":{"self":[{"href":"https:\/\/petra-kost.com\/en\/wp-json\/wp\/v2\/pages\/11","targetHints":{"allow":["GET"]}}],"collection":[{"href":"https:\/\/petra-kost.com\/en\/wp-json\/wp\/v2\/pages"}],"about":[{"href":"https:\/\/petra-kost.com\/en\/wp-json\/wp\/v2\/types\/page"}],"author":[{"embeddable":true,"href":"https:\/\/petra-kost.com\/en\/wp-json\/wp\/v2\/users\/1"}],"replies":[{"embeddable":true,"href":"https:\/\/petra-kost.com\/en\/wp-json\/wp\/v2\/comments?post=11"}],"version-history":[{"count":10,"href":"https:\/\/petra-kost.com\/en\/wp-json\/wp\/v2\/pages\/11\/revisions"}],"predecessor-version":[{"id":1878,"href":"https:\/\/petra-kost.com\/en\/wp-json\/wp\/v2\/pages\/11\/revisions\/1878"}],"wp:featuredmedia":[{"embeddable":true,"href":"https:\/\/petra-kost.com\/en\/wp-json\/wp\/v2\/media\/685"}],"wp:attachment":[{"href":"https:\/\/petra-kost.com\/en\/wp-json\/wp\/v2\/media?parent=11"}],"curies":[{"name":"wp","href":"https:\/\/api.w.org\/{rel}","templated":true}]}}