{"id":1483,"date":"2025-07-19T12:23:19","date_gmt":"2025-07-19T10:23:19","guid":{"rendered":"https:\/\/petra-kost.kuich-projects.eu\/?page_id=1483"},"modified":"2025-08-15T11:59:03","modified_gmt":"2025-08-15T09:59:03","slug":"biographie","status":"publish","type":"page","link":"https:\/\/petra-kost.com\/en\/biographie\/","title":{"rendered":"Biography + CV"},"content":{"rendered":"<p>[et_pb_section fb_built=&#8220;1&#8243; _builder_version=&#8220;4.27.4&#8243; _module_preset=&#8220;default&#8220; animation_style=&#8220;slide&#8220; animation_direction=&#8220;bottom&#8220; animation_intensity_slide=&#8220;5%&#8220; global_colors_info=&#8220;{}&#8220;][et_pb_row column_structure=&#8220;2_5,3_5&#8243; _builder_version=&#8220;4.27.4&#8243; _module_preset=&#8220;default&#8220; global_colors_info=&#8220;{}&#8220;][et_pb_column type=&#8220;2_5&#8243; _builder_version=&#8220;4.27.4&#8243; _module_preset=&#8220;default&#8220; global_colors_info=&#8220;{}&#8220;][\/et_pb_column][et_pb_column type=&#8220;3_5&#8243; _builder_version=&#8220;4.27.4&#8243; _module_preset=&#8220;default&#8220; global_colors_info=&#8220;{}&#8220;][et_pb_post_title meta=&#8220;off&#8220; featured_image=&#8220;off&#8220; _builder_version=&#8220;4.27.4&#8243; _module_preset=&#8220;default&#8220; title_font=&#8220;|||on|||||&#8220; global_colors_info=&#8220;{}&#8220;][\/et_pb_post_title][\/et_pb_column][\/et_pb_row][et_pb_row column_structure=&#8220;2_5,3_5&#8243; _builder_version=&#8220;4.27.4&#8243; _module_preset=&#8220;default&#8220; global_colors_info=&#8220;{}&#8220;][et_pb_column type=&#8220;2_5&#8243; _builder_version=&#8220;4.27.4&#8243; _module_preset=&#8220;default&#8220; global_colors_info=&#8220;{}&#8220;][et_pb_image src=&#8220;http:\/\/petra-kost.com\/wp-content\/uploads\/2025\/07\/Petra_\u00a9-Katrin_Schoening_1T3A5665-Bearbeitet_WEB.jpg&#8220; title_text=&#8220;Petra_\u00a9-Katrin_Scho\u0308ning_1T3A5665-Bearbeitet_WEB&#8220; _builder_version=&#8220;4.27.4&#8243; _module_preset=&#8220;default&#8220; global_colors_info=&#8220;{}&#8220;][\/et_pb_image][\/et_pb_column][et_pb_column type=&#8220;3_5&#8243; _builder_version=&#8220;4.27.4&#8243; _module_preset=&#8220;default&#8220; global_colors_info=&#8220;{}&#8220;][et_pb_text _builder_version=&#8220;4.27.4&#8243; _module_preset=&#8220;default&#8220; custom_margin=&#8220;||50px|||&#8220; global_colors_info=&#8220;{}&#8220;]<\/p>\n<p><strong>Petra Kost. K\u00fcnstlerisch kompromisslos.<\/strong><\/p>\n<p>Bereits in jungen Jahren manifestierte sich bei Petra Kost ein au\u00dfergew\u00f6hnliches k\u00fcnstlerisches Gesp\u00fcr. Im Alter von zehn Jahren entstand ein Bild, das sich fundamental von den Arbeiten anderer Kinder abhob: Es besa\u00df eine autonome Pr\u00e4senz, eine geheimnisvolle Intensit\u00e4t und eine verbl\u00fcffende Reife, die weit \u00fcber kindliche Ausdrucksformen hinausging.<\/p>\n<p>Diese fr\u00fche Erfahrung markierte f\u00fcr Petra Kost die Entdeckung, dass Kunst weit mehr sein konnte als ein Medium des kreativen Ausdrucks \u2013 vielmehr ein existenzieller Dialog zwischen innerer Wahrnehmung und \u00e4u\u00dferer Welt. Nachdem ihre k\u00fcnstlerische Begabung in der Kindheit kaum famili\u00e4re oder institutionelle F\u00f6rderung erfuhr, setzte Petra Kost nach ihrem Abitur ihre k\u00fcnstlerische Ausbildung eigenst\u00e4ndig fort. Zun\u00e4chst studierte sie an einer staatlichen Kunsthochschule, anschlie\u00dfend Kunstgeschichte an der Universit\u00e4t. Jedoch entsprach die damals stark theorielastige Ausrichtung der akademischen Institutionen nicht ihrem Ziel, ein solides, handwerkliches Fundament zu erwerben. Anfang der 1980er Jahre entschied sie sich daher bewusst f\u00fcr eine intensive und umfassende Ausbildung an privaten Kunstschulen. Dort erwarb sie fundierte Kenntnisse klassischer Maltechniken, Kompositionsprinzipien und Farbtheorie.<\/p>\n<p>Petra Kost entwickelte in den Folgejahren konsequent eine eigenst\u00e4ndige malerische Sprache, die zwischen den Polen Abstraktion und Figuration vermittelt. Ihre Werke zeichnen sich durch komplexe Schichtungen und subtile \u00dcberlagerungen aus, bei denen kalkulierte kompositorische Entscheidungen mit intuitiven, experimentellen Elementen verschmelzen. So entstehen vielschichtige Bildr\u00e4ume, deren visuelle Spannung und emotionale Dichte insbesondere von kritisch reflektierenden Kunstgaleristen gew\u00fcrdigt werden. Die ausdrucksstarke Originalit\u00e4t ihrer Bilder zieht heute zunehmend die Aufmerksamkeit von anspruchsvollen Kunstinteressierten an. Petra Kosts Werke bieten nicht nur eine \u00e4sthetische Auseinandersetzung, sondern provozieren intensive Betrachtung und Reflexion \u00fcber die Grenzen des Sichtbaren hinaus.<\/p>\n<p>Petra Kost lebt und arbeitet derzeit in Hamburg und Urbino (Italien).<\/p>\n<p>[\/et_pb_text][et_pb_divider color=&#8220;#000000&#8243; _builder_version=&#8220;4.27.4&#8243; _module_preset=&#8220;default&#8220; global_colors_info=&#8220;{}&#8220;][\/et_pb_divider][et_pb_text _builder_version=&#8220;4.27.4&#8243; _module_preset=&#8220;default&#8220; hover_enabled=&#8220;0&#8243; global_colors_info=&#8220;{}&#8220; sticky_enabled=&#8220;0&#8243;]<\/p>\n<p><strong>1959<\/strong><br \/>geboren in Hamburg, Deutschland<br \/>lebt und arbeitet als K\u00fcnstlerin in Hamburg und Urbino, Italien<\/p>\n<p><strong>seit 2024<br \/><\/strong>Mitglied der K\u00fcnstler:innengruppe MORKK<\/p>\n<p><strong>seit 2023<br \/><\/strong>Mitglied der K\u00fcnstler:innengruppe Transfourmation<\/p>\n<p><strong>seit 2007<\/strong><br \/>Mitglied im Galerie-Atelier Kunstwerk am Fischmarkt, Hamburg<\/p>\n<p><strong>2004 &#8211; 10<\/strong><br \/>k\u00fcnstlerische T\u00e4tigkeit in Den Haag, Niederlande<\/p>\n<p>Studium der Malerei an privaten Kunstschulen u.a. Kunstschule Blankenese, Hamburg\u2028Teilnahme an Sommerakademien der Kunsthochschule HAW Hamburg und Seminaren der Kunstakademie Bad Reichenhall\u2028Studium u.a. bei Peter Paulwitz-Matth\u00e4i, Luke Gray, Till Gerhard, Ines Hildur und Jens Hasenberg<\/p>\n<p><strong>1982 &#8211; 83<\/strong><br \/>Studium der Kunstgeschichte an der Universit\u00e4t Hamburg<\/p>\n<p><strong>1980 &#8211; 81<\/strong><br \/>Studium der Malerei an der Hochschule f\u00fcr bildende K\u00fcnste, Hamburg<\/p>\n<p>[\/et_pb_text][\/et_pb_column][\/et_pb_row][\/et_pb_section]<\/p>\n","protected":false},"excerpt":{"rendered":"<p>Petra Kost. K\u00fcnstlerisch kompromisslos. Bereits in jungen Jahren manifestierte sich bei Petra Kost ein au\u00dfergew\u00f6hnliches k\u00fcnstlerisches Gesp\u00fcr. Im Alter von zehn Jahren entstand ein Bild, das sich fundamental von den Arbeiten anderer Kinder abhob: Es besa\u00df eine autonome Pr\u00e4senz, eine geheimnisvolle Intensit\u00e4t und eine verbl\u00fcffende Reife, die weit \u00fcber kindliche Ausdrucksformen hinausging. Diese fr\u00fche Erfahrung [&hellip;]<\/p>\n","protected":false},"author":1,"featured_media":0,"parent":0,"menu_order":0,"comment_status":"closed","ping_status":"closed","template":"","meta":{"_et_pb_use_builder":"on","_et_pb_old_content":"","_et_gb_content_width":"","footnotes":""},"class_list":["post-1483","page","type-page","status-publish","hentry"],"yoast_head":"<!-- This site is optimized with the Yoast SEO plugin v27.2 - https:\/\/yoast.com\/product\/yoast-seo-wordpress\/ -->\n<title>Biographie + Vita - Petra Kost<\/title>\n<meta name=\"robots\" content=\"index, follow, max-snippet:-1, max-image-preview:large, max-video-preview:-1\" \/>\n<link rel=\"canonical\" href=\"https:\/\/petra-kost.com\/en\/biographie\/\" \/>\n<meta property=\"og:locale\" content=\"en_GB\" \/>\n<meta property=\"og:type\" content=\"article\" \/>\n<meta property=\"og:title\" content=\"Biographie + Vita - Petra Kost\" \/>\n<meta property=\"og:description\" content=\"Petra Kost. K\u00fcnstlerisch kompromisslos. Bereits in jungen Jahren manifestierte sich bei Petra Kost ein au\u00dfergew\u00f6hnliches k\u00fcnstlerisches Gesp\u00fcr. Im Alter von zehn Jahren entstand ein Bild, das sich fundamental von den Arbeiten anderer Kinder abhob: Es besa\u00df eine autonome Pr\u00e4senz, eine geheimnisvolle Intensit\u00e4t und eine verbl\u00fcffende Reife, die weit \u00fcber kindliche Ausdrucksformen hinausging. Diese fr\u00fche Erfahrung [&hellip;]\" \/>\n<meta property=\"og:url\" content=\"https:\/\/petra-kost.com\/en\/biographie\/\" \/>\n<meta property=\"og:site_name\" content=\"Petra Kost\" \/>\n<meta property=\"article:modified_time\" content=\"2025-08-15T09:59:03+00:00\" \/>\n<meta name=\"twitter:card\" content=\"summary_large_image\" \/>\n<meta name=\"twitter:label1\" content=\"Est. reading time\" \/>\n\t<meta name=\"twitter:data1\" content=\"3 minutes\" \/>\n<script type=\"application\/ld+json\" class=\"yoast-schema-graph\">{\"@context\":\"https:\/\/schema.org\",\"@graph\":[{\"@type\":\"WebPage\",\"@id\":\"https:\/\/petra-kost.com\/biographie\/\",\"url\":\"https:\/\/petra-kost.com\/biographie\/\",\"name\":\"Biographie + Vita - Petra Kost\",\"isPartOf\":{\"@id\":\"https:\/\/petra-kost.com\/#website\"},\"datePublished\":\"2025-07-19T10:23:19+00:00\",\"dateModified\":\"2025-08-15T09:59:03+00:00\",\"breadcrumb\":{\"@id\":\"https:\/\/petra-kost.com\/biographie\/#breadcrumb\"},\"inLanguage\":\"en-GB\",\"potentialAction\":[{\"@type\":\"ReadAction\",\"target\":[\"https:\/\/petra-kost.com\/biographie\/\"]}]},{\"@type\":\"BreadcrumbList\",\"@id\":\"https:\/\/petra-kost.com\/biographie\/#breadcrumb\",\"itemListElement\":[{\"@type\":\"ListItem\",\"position\":1,\"name\":\"Startseite\",\"item\":\"https:\/\/petra-kost.com\/\"},{\"@type\":\"ListItem\",\"position\":2,\"name\":\"Biographie + Vita\"}]},{\"@type\":\"WebSite\",\"@id\":\"https:\/\/petra-kost.com\/#website\",\"url\":\"https:\/\/petra-kost.com\/\",\"name\":\"Petra Kost\",\"description\":\"Kunstwerk am Fischmarkt, Hamburg\",\"potentialAction\":[{\"@type\":\"SearchAction\",\"target\":{\"@type\":\"EntryPoint\",\"urlTemplate\":\"https:\/\/petra-kost.com\/?s={search_term_string}\"},\"query-input\":{\"@type\":\"PropertyValueSpecification\",\"valueRequired\":true,\"valueName\":\"search_term_string\"}}],\"inLanguage\":\"en-GB\"}]}<\/script>\n<!-- \/ Yoast SEO plugin. -->","yoast_head_json":{"title":"Biographie + Vita - Petra Kost","robots":{"index":"index","follow":"follow","max-snippet":"max-snippet:-1","max-image-preview":"max-image-preview:large","max-video-preview":"max-video-preview:-1"},"canonical":"https:\/\/petra-kost.com\/en\/biographie\/","og_locale":"en_GB","og_type":"article","og_title":"Biographie + Vita - Petra Kost","og_description":"Petra Kost. K\u00fcnstlerisch kompromisslos. Bereits in jungen Jahren manifestierte sich bei Petra Kost ein au\u00dfergew\u00f6hnliches k\u00fcnstlerisches Gesp\u00fcr. Im Alter von zehn Jahren entstand ein Bild, das sich fundamental von den Arbeiten anderer Kinder abhob: Es besa\u00df eine autonome Pr\u00e4senz, eine geheimnisvolle Intensit\u00e4t und eine verbl\u00fcffende Reife, die weit \u00fcber kindliche Ausdrucksformen hinausging. Diese fr\u00fche Erfahrung [&hellip;]","og_url":"https:\/\/petra-kost.com\/en\/biographie\/","og_site_name":"Petra Kost","article_modified_time":"2025-08-15T09:59:03+00:00","twitter_card":"summary_large_image","twitter_misc":{"Est. reading time":"3 minutes"},"schema":{"@context":"https:\/\/schema.org","@graph":[{"@type":"WebPage","@id":"https:\/\/petra-kost.com\/biographie\/","url":"https:\/\/petra-kost.com\/biographie\/","name":"Biographie + Vita - Petra Kost","isPartOf":{"@id":"https:\/\/petra-kost.com\/#website"},"datePublished":"2025-07-19T10:23:19+00:00","dateModified":"2025-08-15T09:59:03+00:00","breadcrumb":{"@id":"https:\/\/petra-kost.com\/biographie\/#breadcrumb"},"inLanguage":"en-GB","potentialAction":[{"@type":"ReadAction","target":["https:\/\/petra-kost.com\/biographie\/"]}]},{"@type":"BreadcrumbList","@id":"https:\/\/petra-kost.com\/biographie\/#breadcrumb","itemListElement":[{"@type":"ListItem","position":1,"name":"Startseite","item":"https:\/\/petra-kost.com\/"},{"@type":"ListItem","position":2,"name":"Biographie + Vita"}]},{"@type":"WebSite","@id":"https:\/\/petra-kost.com\/#website","url":"https:\/\/petra-kost.com\/","name":"Petra Kost","description":"Kunstwerk am Fischmarkt, Hamburg","potentialAction":[{"@type":"SearchAction","target":{"@type":"EntryPoint","urlTemplate":"https:\/\/petra-kost.com\/?s={search_term_string}"},"query-input":{"@type":"PropertyValueSpecification","valueRequired":true,"valueName":"search_term_string"}}],"inLanguage":"en-GB"}]}},"_links":{"self":[{"href":"https:\/\/petra-kost.com\/en\/wp-json\/wp\/v2\/pages\/1483","targetHints":{"allow":["GET"]}}],"collection":[{"href":"https:\/\/petra-kost.com\/en\/wp-json\/wp\/v2\/pages"}],"about":[{"href":"https:\/\/petra-kost.com\/en\/wp-json\/wp\/v2\/types\/page"}],"author":[{"embeddable":true,"href":"https:\/\/petra-kost.com\/en\/wp-json\/wp\/v2\/users\/1"}],"replies":[{"embeddable":true,"href":"https:\/\/petra-kost.com\/en\/wp-json\/wp\/v2\/comments?post=1483"}],"version-history":[{"count":10,"href":"https:\/\/petra-kost.com\/en\/wp-json\/wp\/v2\/pages\/1483\/revisions"}],"predecessor-version":[{"id":1808,"href":"https:\/\/petra-kost.com\/en\/wp-json\/wp\/v2\/pages\/1483\/revisions\/1808"}],"wp:attachment":[{"href":"https:\/\/petra-kost.com\/en\/wp-json\/wp\/v2\/media?parent=1483"}],"curies":[{"name":"wp","href":"https:\/\/api.w.org\/{rel}","templated":true}]}}