{"id":1501,"date":"2025-07-19T12:43:49","date_gmt":"2025-07-19T10:43:49","guid":{"rendered":"https:\/\/petra-kost.kuich-projects.eu\/?page_id=1501"},"modified":"2025-08-16T11:17:04","modified_gmt":"2025-08-16T09:17:04","slug":"los-places","status":"publish","type":"page","link":"https:\/\/petra-kost.com\/en\/los-places\/","title":{"rendered":"Lost Places"},"content":{"rendered":"\n[et_pb_section fb_built=&#8220;1&#8243; _builder_version=&#8220;4.27.4&#8243; _module_preset=&#8220;default&#8220; animation_style=&#8220;slide&#8220; animation_direction=&#8220;bottom&#8220; animation_intensity_slide=&#8220;3%&#8220; global_colors_info=&#8220;{}&#8220;][et_pb_row _builder_version=&#8220;4.27.4&#8243; _module_preset=&#8220;default&#8220; global_colors_info=&#8220;{}&#8220;][et_pb_column type=&#8220;4_4&#8243; _builder_version=&#8220;4.27.4&#8243; _module_preset=&#8220;default&#8220; global_colors_info=&#8220;{}&#8220;][et_pb_post_title meta=&#8220;off&#8220; featured_image=&#8220;off&#8220; _builder_version=&#8220;4.27.4&#8243; _module_preset=&#8220;default&#8220; title_font=&#8220;|||on|||||&#8220; global_colors_info=&#8220;{}&#8220;][\/et_pb_post_title][et_pb_text _builder_version=&#8220;4.27.4&#8243; _module_preset=&#8220;default&#8220; global_colors_info=&#8220;{}&#8220;]<p>Petra Kosts Serie \u201eLost Places\u201c widmet sich der geheimnisvollen Anziehungskraft verlassener Orte. F\u00fcr die K\u00fcnstlerin sind diese Orte keine blo\u00dfen Ruinen, sondern atmosph\u00e4rische R\u00e4ume, erf\u00fcllt von Erinnerungen und neuen M\u00f6glichkeiten. Ihre Werke erz\u00e4hlen vom Dialog zwischen menschlichen Spuren und der zur\u00fcckkehrenden Natur, die sich das Terrain nach und nach wieder aneignet. Architektonische \u00dcberreste, Leerstellen und Spuren werden zu visuellen Reflexionen \u00fcber Zeit, Verg\u00e4nglichkeit und Neubeginn \u2013 eine poetische Einladung, den Zauber des Vergangenen und Verlassenen neu zu entdecken.<\/p>[\/et_pb_text][\/et_pb_column][\/et_pb_row][et_pb_row column_structure=&#8220;3_5,2_5&#8243; admin_label=&#8220;Upheaval&#8220; _builder_version=&#8220;4.27.4&#8243; _module_preset=&#8220;default&#8220; global_colors_info=&#8220;{}&#8220;][et_pb_column type=&#8220;3_5&#8243; _builder_version=&#8220;4.27.4&#8243; _module_preset=&#8220;default&#8220; global_colors_info=&#8220;{}&#8220;][et_pb_image src=&#8220;http:\/\/petra-kost.com\/wp-content\/uploads\/2025\/07\/Upheaval-2024.jpg&#8220; alt=&#8220;Perta Kost &#8211; Upheaval, 2024&#8243; title_text=&#8220;Upheaval&#8220; show_in_lightbox=&#8220;on&#8220; _builder_version=&#8220;4.27.4&#8243; _module_preset=&#8220;default&#8220; global_colors_info=&#8220;{}&#8220; transform_styles__hover_enabled=&#8220;on|hover&#8220; transform_scale__hover_enabled=&#8220;on|hover&#8220; transform_translate__hover_enabled=&#8220;on|desktop&#8220; transform_rotate__hover_enabled=&#8220;on|desktop&#8220; transform_skew__hover_enabled=&#8220;on|desktop&#8220; transform_origin__hover_enabled=&#8220;on|desktop&#8220; transform_scale__hover=&#8220;95%|95%&#8220;][\/et_pb_image][\/et_pb_column][et_pb_column type=&#8220;2_5&#8243; _builder_version=&#8220;4.27.4&#8243; _module_preset=&#8220;default&#8220; global_colors_info=&#8220;{}&#8220;][et_pb_text _builder_version=&#8220;4.27.4&#8243; _module_preset=&#8220;default&#8220; global_colors_info=&#8220;{}&#8220;]<p><strong>Upheaval<\/strong><\/p>\n<p>2024<\/p>\n<p>Acryl auf Leinwand<\/p>\n<p>Diptychon 200 x 120 cm<\/p>[\/et_pb_text][\/et_pb_column][\/et_pb_row][et_pb_row column_structure=&#8220;3_5,2_5&#8243; admin_label=&#8220;Dynamis&#8220; _builder_version=&#8220;4.27.4&#8243; _module_preset=&#8220;default&#8220; global_colors_info=&#8220;{}&#8220;][et_pb_column type=&#8220;3_5&#8243; _builder_version=&#8220;4.27.4&#8243; _module_preset=&#8220;default&#8220; global_colors_info=&#8220;{}&#8220;][et_pb_image src=&#8220;http:\/\/petra-kost.com\/wp-content\/uploads\/2025\/07\/Dynamis-2024.jpg&#8220; alt=&#8220;Petra Kost &#8211; Dynamis, 2024&#8243; title_text=&#8220;Dynamis&#8220; show_in_lightbox=&#8220;on&#8220; admin_label=&#8220;Dynamis&#8220; _builder_version=&#8220;4.27.4&#8243; _module_preset=&#8220;default&#8220; global_colors_info=&#8220;{}&#8220; transform_styles__hover_enabled=&#8220;on|hover&#8220; transform_scale__hover_enabled=&#8220;on|hover&#8220; transform_translate__hover_enabled=&#8220;on|desktop&#8220; transform_rotate__hover_enabled=&#8220;on|desktop&#8220; transform_skew__hover_enabled=&#8220;on|desktop&#8220; transform_origin__hover_enabled=&#8220;on|desktop&#8220; transform_scale__hover=&#8220;95%|95%&#8220;][\/et_pb_image][\/et_pb_column][et_pb_column type=&#8220;2_5&#8243; _builder_version=&#8220;4.27.4&#8243; _module_preset=&#8220;default&#8220; global_colors_info=&#8220;{}&#8220;][et_pb_text _builder_version=&#8220;4.27.4&#8243; _module_preset=&#8220;default&#8220; global_colors_info=&#8220;{}&#8220;]<p><strong>Dynamis<\/strong><\/p>\n<p>2024<\/p>\n<p>\u00d6l und Acryl auf Leinwand<\/p>\n<p>120 x 100 cm<\/p>[\/et_pb_text][\/et_pb_column][\/et_pb_row][et_pb_row column_structure=&#8220;3_5,2_5&#8243; admin_label=&#8220;Irritation&#8220; _builder_version=&#8220;4.27.4&#8243; _module_preset=&#8220;default&#8220; global_colors_info=&#8220;{}&#8220;][et_pb_column type=&#8220;3_5&#8243; _builder_version=&#8220;4.27.4&#8243; _module_preset=&#8220;default&#8220; global_colors_info=&#8220;{}&#8220;][et_pb_image src=&#8220;http:\/\/petra-kost.com\/wp-content\/uploads\/2025\/07\/Irritation-2023.jpg&#8220; alt=&#8220;Petra Kost &#8211; Irritation, 2023&#8243; title_text=&#8220;Irritation&#8220; show_in_lightbox=&#8220;on&#8220; _builder_version=&#8220;4.27.4&#8243; _module_preset=&#8220;default&#8220; global_colors_info=&#8220;{}&#8220; transform_styles__hover_enabled=&#8220;on|hover&#8220; transform_scale__hover_enabled=&#8220;on|hover&#8220; transform_translate__hover_enabled=&#8220;on|desktop&#8220; transform_rotate__hover_enabled=&#8220;on|desktop&#8220; transform_skew__hover_enabled=&#8220;on|desktop&#8220; transform_origin__hover_enabled=&#8220;on|desktop&#8220; transform_scale__hover=&#8220;95%|95%&#8220;][\/et_pb_image][\/et_pb_column][et_pb_column type=&#8220;2_5&#8243; _builder_version=&#8220;4.27.4&#8243; _module_preset=&#8220;default&#8220; global_colors_info=&#8220;{}&#8220;][et_pb_text _builder_version=&#8220;4.27.4&#8243; _module_preset=&#8220;default&#8220; global_colors_info=&#8220;{}&#8220;]<p><strong>Irritation<\/strong><\/p>\n<p>2023<\/p>\n<p>\u00d6l und Acryl auf Leinwand<\/p>\n<p>100 x 80 cm<\/p>[\/et_pb_text][\/et_pb_column][\/et_pb_row][et_pb_row column_structure=&#8220;3_5,2_5&#8243; admin_label=&#8220;Bateau&#8220; _builder_version=&#8220;4.27.4&#8243; _module_preset=&#8220;default&#8220; global_colors_info=&#8220;{}&#8220;][et_pb_column type=&#8220;3_5&#8243; _builder_version=&#8220;4.27.4&#8243; _module_preset=&#8220;default&#8220; global_colors_info=&#8220;{}&#8220;][et_pb_image src=&#8220;http:\/\/petra-kost.com\/wp-content\/uploads\/2025\/07\/Bateau-2021.jpg&#8220; alt=&#8220;Petra Kost &#8211; Bateau, 2021&#8243; title_text=&#8220;Bateau&#8220; show_in_lightbox=&#8220;on&#8220; admin_label=&#8220;Bateau&#8220; _builder_version=&#8220;4.27.4&#8243; _module_preset=&#8220;default&#8220; global_colors_info=&#8220;{}&#8220; transform_styles__hover_enabled=&#8220;on|hover&#8220; transform_scale__hover_enabled=&#8220;on|hover&#8220; transform_translate__hover_enabled=&#8220;on|desktop&#8220; transform_rotate__hover_enabled=&#8220;on|desktop&#8220; transform_skew__hover_enabled=&#8220;on|desktop&#8220; transform_origin__hover_enabled=&#8220;on|desktop&#8220; transform_scale__hover=&#8220;95%|95%&#8220;][\/et_pb_image][\/et_pb_column][et_pb_column type=&#8220;2_5&#8243; _builder_version=&#8220;4.27.4&#8243; _module_preset=&#8220;default&#8220; global_colors_info=&#8220;{}&#8220;][et_pb_text _builder_version=&#8220;4.27.4&#8243; _module_preset=&#8220;default&#8220; global_colors_info=&#8220;{}&#8220;]<p><strong>Bateau<\/strong><\/p>\n<p>2021<\/p>\n<p>Acryl auf Leinwand<\/p>\n<p>140 x 100 cm<\/p>[\/et_pb_text][\/et_pb_column][\/et_pb_row][et_pb_row column_structure=&#8220;3_5,2_5&#8243; admin_label=&#8220;Sabai dii&#8220; _builder_version=&#8220;4.27.4&#8243; _module_preset=&#8220;default&#8220; global_colors_info=&#8220;{}&#8220;][et_pb_column type=&#8220;3_5&#8243; _builder_version=&#8220;4.27.4&#8243; _module_preset=&#8220;default&#8220; global_colors_info=&#8220;{}&#8220;][et_pb_image src=&#8220;http:\/\/petra-kost.com\/wp-content\/uploads\/2025\/07\/Sabai-dii-2020.jpg&#8220; alt=&#8220;Petra Kost &#8211; Sabai dii, 2020&#8243; title_text=&#8220;Sabai-dii&#8220; show_in_lightbox=&#8220;on&#8220; _builder_version=&#8220;4.27.4&#8243; _module_preset=&#8220;default&#8220; global_colors_info=&#8220;{}&#8220; transform_styles__hover_enabled=&#8220;on|hover&#8220; transform_scale__hover_enabled=&#8220;on|hover&#8220; transform_translate__hover_enabled=&#8220;on|desktop&#8220; transform_rotate__hover_enabled=&#8220;on|desktop&#8220; transform_skew__hover_enabled=&#8220;on|desktop&#8220; transform_origin__hover_enabled=&#8220;on|desktop&#8220; transform_scale__hover=&#8220;95%|95%&#8220;][\/et_pb_image][\/et_pb_column][et_pb_column type=&#8220;2_5&#8243; _builder_version=&#8220;4.27.4&#8243; _module_preset=&#8220;default&#8220; global_colors_info=&#8220;{}&#8220;][et_pb_text _builder_version=&#8220;4.27.4&#8243; _module_preset=&#8220;default&#8220; hover_enabled=&#8220;0&#8243; global_colors_info=&#8220;{}&#8220; sticky_enabled=&#8220;0&#8243;]<p><strong>Sabai dii<\/strong><\/p>\n<p>2020<\/p>\n<p>Acryl auf Leinwand<\/p>\n<p>100 x 120 cm<\/p>[\/et_pb_text][\/et_pb_column][\/et_pb_row][\/et_pb_section]\n","protected":false},"excerpt":{"rendered":"<p>Petra Kosts Serie \u201eLost Places\u201c widmet sich der geheimnisvollen Anziehungskraft verlassener Orte. F\u00fcr die K\u00fcnstlerin sind diese Orte keine blo\u00dfen Ruinen, sondern atmosph\u00e4rische R\u00e4ume, erf\u00fcllt von Erinnerungen und neuen M\u00f6glichkeiten. Ihre Werke erz\u00e4hlen vom Dialog zwischen menschlichen Spuren und der zur\u00fcckkehrenden Natur, die sich das Terrain nach und nach wieder aneignet. Architektonische \u00dcberreste, Leerstellen und [&hellip;]<\/p>\n","protected":false},"author":1,"featured_media":1500,"parent":0,"menu_order":0,"comment_status":"closed","ping_status":"closed","template":"","meta":{"_et_pb_use_builder":"on","_et_pb_old_content":"","_et_gb_content_width":"","footnotes":""},"class_list":["post-1501","page","type-page","status-publish","has-post-thumbnail","hentry"],"yoast_head":"<!-- This site is optimized with the Yoast SEO plugin v27.2 - https:\/\/yoast.com\/product\/yoast-seo-wordpress\/ -->\n<title>Lost Places - Petra Kost<\/title>\n<meta name=\"description\" content=\"Petra Kosts Serie \u201eLost Places\u201c widmet sich der geheimnisvollen Anziehungskraft verlassener Orte. Diese Orte keine blo\u00dfen Ruinen...\" \/>\n<meta name=\"robots\" content=\"index, follow, max-snippet:-1, max-image-preview:large, max-video-preview:-1\" \/>\n<link rel=\"canonical\" href=\"https:\/\/petra-kost.com\/en\/los-places\/\" \/>\n<meta property=\"og:locale\" content=\"en_GB\" \/>\n<meta property=\"og:type\" content=\"article\" \/>\n<meta property=\"og:title\" content=\"Lost Places - Petra Kost\" \/>\n<meta property=\"og:description\" content=\"Petra Kosts Serie \u201eLost Places\u201c widmet sich der geheimnisvollen Anziehungskraft verlassener Orte. Diese Orte keine blo\u00dfen Ruinen...\" \/>\n<meta property=\"og:url\" content=\"https:\/\/petra-kost.com\/en\/los-places\/\" \/>\n<meta property=\"og:site_name\" content=\"Petra Kost\" \/>\n<meta property=\"article:modified_time\" content=\"2025-08-16T09:17:04+00:00\" \/>\n<meta property=\"og:image\" content=\"https:\/\/petra-kost.com\/wp-content\/uploads\/2025\/07\/Upheaval-2024.jpg\" \/>\n\t<meta property=\"og:image:width\" content=\"1783\" \/>\n\t<meta property=\"og:image:height\" content=\"1080\" \/>\n\t<meta property=\"og:image:type\" content=\"image\/jpeg\" \/>\n<meta name=\"twitter:card\" content=\"summary_large_image\" \/>\n<meta name=\"twitter:label1\" content=\"Est. reading time\" \/>\n\t<meta name=\"twitter:data1\" content=\"2 minutes\" \/>\n<script type=\"application\/ld+json\" class=\"yoast-schema-graph\">{\"@context\":\"https:\/\/schema.org\",\"@graph\":[{\"@type\":\"WebPage\",\"@id\":\"https:\/\/petra-kost.com\/it\/los-places\/\",\"url\":\"https:\/\/petra-kost.com\/it\/los-places\/\",\"name\":\"Lost Places - Petra Kost\",\"isPartOf\":{\"@id\":\"https:\/\/petra-kost.com\/#website\"},\"primaryImageOfPage\":{\"@id\":\"https:\/\/petra-kost.com\/it\/los-places\/#primaryimage\"},\"image\":{\"@id\":\"https:\/\/petra-kost.com\/it\/los-places\/#primaryimage\"},\"thumbnailUrl\":\"https:\/\/petra-kost.com\/wp-content\/uploads\/2025\/07\/Upheaval-2024.jpg\",\"datePublished\":\"2025-07-19T10:43:49+00:00\",\"dateModified\":\"2025-08-16T09:17:04+00:00\",\"description\":\"Petra Kosts Serie \u201eLost Places\u201c widmet sich der geheimnisvollen Anziehungskraft verlassener Orte. Diese Orte keine blo\u00dfen Ruinen...\",\"breadcrumb\":{\"@id\":\"https:\/\/petra-kost.com\/it\/los-places\/#breadcrumb\"},\"inLanguage\":\"en-GB\",\"potentialAction\":[{\"@type\":\"ReadAction\",\"target\":[\"https:\/\/petra-kost.com\/it\/los-places\/\"]}]},{\"@type\":\"ImageObject\",\"inLanguage\":\"en-GB\",\"@id\":\"https:\/\/petra-kost.com\/it\/los-places\/#primaryimage\",\"url\":\"https:\/\/petra-kost.com\/wp-content\/uploads\/2025\/07\/Upheaval-2024.jpg\",\"contentUrl\":\"https:\/\/petra-kost.com\/wp-content\/uploads\/2025\/07\/Upheaval-2024.jpg\",\"width\":1783,\"height\":1080,\"caption\":\"Petra Kost - Upheaval, 2024\"},{\"@type\":\"BreadcrumbList\",\"@id\":\"https:\/\/petra-kost.com\/it\/los-places\/#breadcrumb\",\"itemListElement\":[{\"@type\":\"ListItem\",\"position\":1,\"name\":\"Startseite\",\"item\":\"https:\/\/petra-kost.com\/\"},{\"@type\":\"ListItem\",\"position\":2,\"name\":\"Lost Places\"}]},{\"@type\":\"WebSite\",\"@id\":\"https:\/\/petra-kost.com\/#website\",\"url\":\"https:\/\/petra-kost.com\/\",\"name\":\"Petra Kost\",\"description\":\"Kunstwerk am Fischmarkt, Hamburg\",\"potentialAction\":[{\"@type\":\"SearchAction\",\"target\":{\"@type\":\"EntryPoint\",\"urlTemplate\":\"https:\/\/petra-kost.com\/?s={search_term_string}\"},\"query-input\":{\"@type\":\"PropertyValueSpecification\",\"valueRequired\":true,\"valueName\":\"search_term_string\"}}],\"inLanguage\":\"en-GB\"}]}<\/script>\n<!-- \/ Yoast SEO plugin. -->","yoast_head_json":{"title":"Lost Places - Petra Kost","description":"Petra Kosts Serie \u201eLost Places\u201c widmet sich der geheimnisvollen Anziehungskraft verlassener Orte. Diese Orte keine blo\u00dfen Ruinen...","robots":{"index":"index","follow":"follow","max-snippet":"max-snippet:-1","max-image-preview":"max-image-preview:large","max-video-preview":"max-video-preview:-1"},"canonical":"https:\/\/petra-kost.com\/en\/los-places\/","og_locale":"en_GB","og_type":"article","og_title":"Lost Places - Petra Kost","og_description":"Petra Kosts Serie \u201eLost Places\u201c widmet sich der geheimnisvollen Anziehungskraft verlassener Orte. Diese Orte keine blo\u00dfen Ruinen...","og_url":"https:\/\/petra-kost.com\/en\/los-places\/","og_site_name":"Petra Kost","article_modified_time":"2025-08-16T09:17:04+00:00","og_image":[{"width":1783,"height":1080,"url":"https:\/\/petra-kost.com\/wp-content\/uploads\/2025\/07\/Upheaval-2024.jpg","type":"image\/jpeg"}],"twitter_card":"summary_large_image","twitter_misc":{"Est. reading time":"2 minutes"},"schema":{"@context":"https:\/\/schema.org","@graph":[{"@type":"WebPage","@id":"https:\/\/petra-kost.com\/it\/los-places\/","url":"https:\/\/petra-kost.com\/it\/los-places\/","name":"Lost Places - Petra Kost","isPartOf":{"@id":"https:\/\/petra-kost.com\/#website"},"primaryImageOfPage":{"@id":"https:\/\/petra-kost.com\/it\/los-places\/#primaryimage"},"image":{"@id":"https:\/\/petra-kost.com\/it\/los-places\/#primaryimage"},"thumbnailUrl":"https:\/\/petra-kost.com\/wp-content\/uploads\/2025\/07\/Upheaval-2024.jpg","datePublished":"2025-07-19T10:43:49+00:00","dateModified":"2025-08-16T09:17:04+00:00","description":"Petra Kosts Serie \u201eLost Places\u201c widmet sich der geheimnisvollen Anziehungskraft verlassener Orte. Diese Orte keine blo\u00dfen Ruinen...","breadcrumb":{"@id":"https:\/\/petra-kost.com\/it\/los-places\/#breadcrumb"},"inLanguage":"en-GB","potentialAction":[{"@type":"ReadAction","target":["https:\/\/petra-kost.com\/it\/los-places\/"]}]},{"@type":"ImageObject","inLanguage":"en-GB","@id":"https:\/\/petra-kost.com\/it\/los-places\/#primaryimage","url":"https:\/\/petra-kost.com\/wp-content\/uploads\/2025\/07\/Upheaval-2024.jpg","contentUrl":"https:\/\/petra-kost.com\/wp-content\/uploads\/2025\/07\/Upheaval-2024.jpg","width":1783,"height":1080,"caption":"Petra Kost - Upheaval, 2024"},{"@type":"BreadcrumbList","@id":"https:\/\/petra-kost.com\/it\/los-places\/#breadcrumb","itemListElement":[{"@type":"ListItem","position":1,"name":"Startseite","item":"https:\/\/petra-kost.com\/"},{"@type":"ListItem","position":2,"name":"Lost Places"}]},{"@type":"WebSite","@id":"https:\/\/petra-kost.com\/#website","url":"https:\/\/petra-kost.com\/","name":"Petra Kost","description":"Kunstwerk am Fischmarkt, Hamburg","potentialAction":[{"@type":"SearchAction","target":{"@type":"EntryPoint","urlTemplate":"https:\/\/petra-kost.com\/?s={search_term_string}"},"query-input":{"@type":"PropertyValueSpecification","valueRequired":true,"valueName":"search_term_string"}}],"inLanguage":"en-GB"}]}},"_links":{"self":[{"href":"https:\/\/petra-kost.com\/en\/wp-json\/wp\/v2\/pages\/1501","targetHints":{"allow":["GET"]}}],"collection":[{"href":"https:\/\/petra-kost.com\/en\/wp-json\/wp\/v2\/pages"}],"about":[{"href":"https:\/\/petra-kost.com\/en\/wp-json\/wp\/v2\/types\/page"}],"author":[{"embeddable":true,"href":"https:\/\/petra-kost.com\/en\/wp-json\/wp\/v2\/users\/1"}],"replies":[{"embeddable":true,"href":"https:\/\/petra-kost.com\/en\/wp-json\/wp\/v2\/comments?post=1501"}],"version-history":[{"count":11,"href":"https:\/\/petra-kost.com\/en\/wp-json\/wp\/v2\/pages\/1501\/revisions"}],"predecessor-version":[{"id":1815,"href":"https:\/\/petra-kost.com\/en\/wp-json\/wp\/v2\/pages\/1501\/revisions\/1815"}],"wp:featuredmedia":[{"embeddable":true,"href":"https:\/\/petra-kost.com\/en\/wp-json\/wp\/v2\/media\/1500"}],"wp:attachment":[{"href":"https:\/\/petra-kost.com\/en\/wp-json\/wp\/v2\/media?parent=1501"}],"curies":[{"name":"wp","href":"https:\/\/api.w.org\/{rel}","templated":true}]}}