{"id":21,"date":"2021-12-05T13:45:51","date_gmt":"2021-12-05T13:45:51","guid":{"rendered":"https:\/\/petra-kost-malerei.local\/?page_id=21"},"modified":"2025-08-15T15:33:57","modified_gmt":"2025-08-15T13:33:57","slug":"impressum","status":"publish","type":"page","link":"https:\/\/petra-kost.com\/en\/impressum\/","title":{"rendered":"Imprint"},"content":{"rendered":"<p>[et_pb_section fb_built=&#8220;1&#8243; _builder_version=&#8220;4.27.4&#8243; _module_preset=&#8220;default&#8220; global_colors_info=&#8220;{}&#8220;][et_pb_row _builder_version=&#8220;4.27.4&#8243; _module_preset=&#8220;default&#8220; global_colors_info=&#8220;{}&#8220;][et_pb_column type=&#8220;4_4&#8243; _builder_version=&#8220;4.27.4&#8243; _module_preset=&#8220;default&#8220; global_colors_info=&#8220;{}&#8220;][et_pb_post_title meta=&#8220;off&#8220; featured_image=&#8220;off&#8220; _builder_version=&#8220;4.27.4&#8243; _module_preset=&#8220;default&#8220; global_colors_info=&#8220;{}&#8220;][\/et_pb_post_title][et_pb_text _builder_version=&#8220;4.27.4&#8243; _module_preset=&#8220;default&#8220; hover_enabled=&#8220;0&#8243; global_colors_info=&#8220;{}&#8220; sticky_enabled=&#8220;0&#8243;]<\/p>\n<p>Petra Kost<br \/>Eppendorfer Weg 195<br \/>20253 Hamburg<\/p>\n<p>mobil +49 173 638 84 51<br \/>mail@petra-kost.com<\/p>\n<p>Verantwortlich f\u00fcr den Inhalt Petra Kost.<br \/>F\u00fcr die Inhalte extern verlinkter Seiten sind ausschlie\u00dflich deren Betreiber verantwortlich.<\/p>\n<p>Webdesign: Andrzej Kuich<br \/>Photo: Katrin Sch\u00f6ning | Bernd Nixdorff<\/p>\n<p>Copyright<br \/>Die Rechte f\u00fcr Bilder und Texte liegen bei Petra Kost. Download der Bilder und Verwendung der Texte f\u00fcr den nicht privaten Gebrauch nur nach R\u00fccksprache und mit Genehmigung.<\/p>\n<p>[\/et_pb_text][\/et_pb_column][\/et_pb_row][\/et_pb_section]<\/p>\n","protected":false},"excerpt":{"rendered":"<p>Petra KostEppendorfer Weg 19520253 Hamburg mobil +49 173 638 84 51mail@petra-kost.com Verantwortlich f\u00fcr den Inhalt Petra Kost.F\u00fcr die Inhalte extern verlinkter Seiten sind ausschlie\u00dflich deren Betreiber verantwortlich. Webdesign: Andrzej KuichPhoto: Katrin Sch\u00f6ning | Bernd Nixdorff CopyrightDie Rechte f\u00fcr Bilder und Texte liegen bei Petra Kost. Download der Bilder und Verwendung der Texte f\u00fcr den nicht [&hellip;]<\/p>\n","protected":false},"author":1,"featured_media":0,"parent":0,"menu_order":0,"comment_status":"closed","ping_status":"closed","template":"","meta":{"_et_pb_use_builder":"on","_et_pb_old_content":"","_et_gb_content_width":"","footnotes":""},"class_list":["post-21","page","type-page","status-publish","hentry"],"yoast_head":"<!-- This site is optimized with the Yoast SEO plugin v27.2 - https:\/\/yoast.com\/product\/yoast-seo-wordpress\/ -->\n<title>Impressum - Petra Kost<\/title>\n<meta name=\"robots\" content=\"noindex, nofollow\" \/>\n<meta property=\"og:locale\" content=\"en_GB\" \/>\n<meta property=\"og:type\" content=\"article\" \/>\n<meta property=\"og:title\" content=\"Impressum - Petra Kost\" \/>\n<meta property=\"og:description\" content=\"Petra KostEppendorfer Weg 19520253 Hamburg mobil +49 173 638 84 51mail@petra-kost.com Verantwortlich f\u00fcr den Inhalt Petra Kost.F\u00fcr die Inhalte extern verlinkter Seiten sind ausschlie\u00dflich deren Betreiber verantwortlich. Webdesign: Andrzej KuichPhoto: Katrin Sch\u00f6ning | Bernd Nixdorff CopyrightDie Rechte f\u00fcr Bilder und Texte liegen bei Petra Kost. Download der Bilder und Verwendung der Texte f\u00fcr den nicht [&hellip;]\" \/>\n<meta property=\"og:url\" content=\"https:\/\/petra-kost.com\/en\/impressum\/\" \/>\n<meta property=\"og:site_name\" content=\"Petra Kost\" \/>\n<meta property=\"article:modified_time\" content=\"2025-08-15T13:33:57+00:00\" \/>\n<meta name=\"twitter:card\" content=\"summary_large_image\" \/>\n<meta name=\"twitter:label1\" content=\"Est. reading time\" \/>\n\t<meta name=\"twitter:data1\" content=\"1 minute\" \/>\n<script type=\"application\/ld+json\" class=\"yoast-schema-graph\">{\"@context\":\"https:\/\/schema.org\",\"@graph\":[{\"@type\":\"WebPage\",\"@id\":\"https:\/\/petra-kost.com\/impressum\/\",\"url\":\"https:\/\/petra-kost.com\/impressum\/\",\"name\":\"Impressum - Petra Kost\",\"isPartOf\":{\"@id\":\"https:\/\/petra-kost.com\/#website\"},\"datePublished\":\"2021-12-05T13:45:51+00:00\",\"dateModified\":\"2025-08-15T13:33:57+00:00\",\"breadcrumb\":{\"@id\":\"https:\/\/petra-kost.com\/impressum\/#breadcrumb\"},\"inLanguage\":\"en-GB\",\"potentialAction\":[{\"@type\":\"ReadAction\",\"target\":[\"https:\/\/petra-kost.com\/impressum\/\"]}]},{\"@type\":\"BreadcrumbList\",\"@id\":\"https:\/\/petra-kost.com\/impressum\/#breadcrumb\",\"itemListElement\":[{\"@type\":\"ListItem\",\"position\":1,\"name\":\"Startseite\",\"item\":\"https:\/\/petra-kost.com\/\"},{\"@type\":\"ListItem\",\"position\":2,\"name\":\"Impressum\"}]},{\"@type\":\"WebSite\",\"@id\":\"https:\/\/petra-kost.com\/#website\",\"url\":\"https:\/\/petra-kost.com\/\",\"name\":\"Petra Kost\",\"description\":\"Kunstwerk am Fischmarkt, Hamburg\",\"potentialAction\":[{\"@type\":\"SearchAction\",\"target\":{\"@type\":\"EntryPoint\",\"urlTemplate\":\"https:\/\/petra-kost.com\/?s={search_term_string}\"},\"query-input\":{\"@type\":\"PropertyValueSpecification\",\"valueRequired\":true,\"valueName\":\"search_term_string\"}}],\"inLanguage\":\"en-GB\"}]}<\/script>\n<!-- \/ Yoast SEO plugin. -->","yoast_head_json":{"title":"Impressum - Petra Kost","robots":{"index":"noindex","follow":"nofollow"},"og_locale":"en_GB","og_type":"article","og_title":"Impressum - Petra Kost","og_description":"Petra KostEppendorfer Weg 19520253 Hamburg mobil +49 173 638 84 51mail@petra-kost.com Verantwortlich f\u00fcr den Inhalt Petra Kost.F\u00fcr die Inhalte extern verlinkter Seiten sind ausschlie\u00dflich deren Betreiber verantwortlich. Webdesign: Andrzej KuichPhoto: Katrin Sch\u00f6ning | Bernd Nixdorff CopyrightDie Rechte f\u00fcr Bilder und Texte liegen bei Petra Kost. Download der Bilder und Verwendung der Texte f\u00fcr den nicht [&hellip;]","og_url":"https:\/\/petra-kost.com\/en\/impressum\/","og_site_name":"Petra Kost","article_modified_time":"2025-08-15T13:33:57+00:00","twitter_card":"summary_large_image","twitter_misc":{"Est. reading time":"1 minute"},"schema":{"@context":"https:\/\/schema.org","@graph":[{"@type":"WebPage","@id":"https:\/\/petra-kost.com\/impressum\/","url":"https:\/\/petra-kost.com\/impressum\/","name":"Impressum - Petra Kost","isPartOf":{"@id":"https:\/\/petra-kost.com\/#website"},"datePublished":"2021-12-05T13:45:51+00:00","dateModified":"2025-08-15T13:33:57+00:00","breadcrumb":{"@id":"https:\/\/petra-kost.com\/impressum\/#breadcrumb"},"inLanguage":"en-GB","potentialAction":[{"@type":"ReadAction","target":["https:\/\/petra-kost.com\/impressum\/"]}]},{"@type":"BreadcrumbList","@id":"https:\/\/petra-kost.com\/impressum\/#breadcrumb","itemListElement":[{"@type":"ListItem","position":1,"name":"Startseite","item":"https:\/\/petra-kost.com\/"},{"@type":"ListItem","position":2,"name":"Impressum"}]},{"@type":"WebSite","@id":"https:\/\/petra-kost.com\/#website","url":"https:\/\/petra-kost.com\/","name":"Petra Kost","description":"Kunstwerk am Fischmarkt, Hamburg","potentialAction":[{"@type":"SearchAction","target":{"@type":"EntryPoint","urlTemplate":"https:\/\/petra-kost.com\/?s={search_term_string}"},"query-input":{"@type":"PropertyValueSpecification","valueRequired":true,"valueName":"search_term_string"}}],"inLanguage":"en-GB"}]}},"_links":{"self":[{"href":"https:\/\/petra-kost.com\/en\/wp-json\/wp\/v2\/pages\/21","targetHints":{"allow":["GET"]}}],"collection":[{"href":"https:\/\/petra-kost.com\/en\/wp-json\/wp\/v2\/pages"}],"about":[{"href":"https:\/\/petra-kost.com\/en\/wp-json\/wp\/v2\/types\/page"}],"author":[{"embeddable":true,"href":"https:\/\/petra-kost.com\/en\/wp-json\/wp\/v2\/users\/1"}],"replies":[{"embeddable":true,"href":"https:\/\/petra-kost.com\/en\/wp-json\/wp\/v2\/comments?post=21"}],"version-history":[{"count":10,"href":"https:\/\/petra-kost.com\/en\/wp-json\/wp\/v2\/pages\/21\/revisions"}],"predecessor-version":[{"id":1809,"href":"https:\/\/petra-kost.com\/en\/wp-json\/wp\/v2\/pages\/21\/revisions\/1809"}],"wp:attachment":[{"href":"https:\/\/petra-kost.com\/en\/wp-json\/wp\/v2\/media?parent=21"}],"curies":[{"name":"wp","href":"https:\/\/api.w.org\/{rel}","templated":true}]}}