{"id":138,"date":"2021-12-06T09:50:08","date_gmt":"2021-12-06T09:50:08","guid":{"rendered":"https:\/\/petra-kost-malerei.local\/?page_id=138"},"modified":"2025-07-07T12:40:18","modified_gmt":"2025-07-07T10:40:18","slug":"texte","status":"publish","type":"page","link":"https:\/\/petra-kost.com\/it\/texte\/","title":{"rendered":"Texte"},"content":{"rendered":"<p>[et_pb_section fb_built=&#8220;1&#8243; _builder_version=&#8220;4.27.4&#8243; _module_preset=&#8220;default&#8220; global_colors_info=&#8220;{}&#8220;][et_pb_row _builder_version=&#8220;4.27.4&#8243; _module_preset=&#8220;default&#8220; global_colors_info=&#8220;{}&#8220;][et_pb_column type=&#8220;4_4&#8243; _builder_version=&#8220;4.27.4&#8243; _module_preset=&#8220;default&#8220; global_colors_info=&#8220;{}&#8220;][et_pb_post_title meta=&#8220;off&#8220; featured_image=&#8220;off&#8220; _builder_version=&#8220;4.27.4&#8243; _module_preset=&#8220;default&#8220; global_colors_info=&#8220;{}&#8220;][\/et_pb_post_title][et_pb_text _builder_version=&#8220;4.27.4&#8243; _module_preset=&#8220;default&#8220; hover_enabled=&#8220;0&#8243; global_colors_info=&#8220;{}&#8220; sticky_enabled=&#8220;0&#8243;]<\/p>\n<p>Sch\u00fctten und schichten.. Petra Kost beginnt ihre Bilder oft mit dem Gie\u00dfen von d\u00fcnnfl\u00fcssiger Farbe auf die Leinwand. Durch das Drehen und Kippen entstehen so die ersten Richtungen, Farbverl\u00e4ufe und Wirbel. Der provozierte Zufall ist ein wesentlicher Bestandteil der modernen Avantgarden..<\/p>\n<p>Es ist die Einheit des Gegens\u00e4tzlichen, auf die Petra Kost in ihrer Malerei abzielt. Das Abstrakte und das Realistische, lange das gro\u00dfe Unvereinbare in der Geschichte der bildenden Kunst, werden von ihr zusammen und parallel gedacht. Das Prozessuale ihres Vorgehens und das Experimentelle der Malerei werden konterkariert mit Fragmenten der Wirklichkeit.. Ihre Bilder geben den Geschichten Raum, ohne dass man sie narrativ nennen wollte. Aus den Farben bildet sie einen kosmologischen Grund, eine Oberfl\u00e4che, fest und transparent zugleich. Das Zusammenspiel, die N\u00e4he der Farben zueinander, aber ebenso das Kontrastieren mit raueren Strukturen, Gittern und Rastern lassen sie ihre eigene Poesie entfalten.<\/p>\n<p>Die Atmosph\u00e4re der Bilder, der Wechsel von Ruhe zu Dynamik nehmen den Betrachter gefangen. In Petra Kosts offenen Bildr\u00e4umen klingen immer neue Assoziationen und Bedeutungsebenen an &#8211; und entziehen sich gleicherma\u00dfen wieder beim Versuch, sie zu greifen.<\/p>\n<p>Peter Bou\u00e9<\/p>\n<p>[\/et_pb_text][\/et_pb_column][\/et_pb_row][\/et_pb_section]<\/p>\n","protected":false},"excerpt":{"rendered":"<p>Sch\u00fctten und schichten.. Petra Kost beginnt ihre Bilder oft mit dem Gie\u00dfen von d\u00fcnnfl\u00fcssiger Farbe auf die Leinwand. Durch das Drehen und Kippen entstehen so die ersten Richtungen, Farbverl\u00e4ufe und Wirbel. Der provozierte Zufall ist ein wesentlicher Bestandteil der modernen Avantgarden.. Es ist die Einheit des Gegens\u00e4tzlichen, auf die Petra Kost in ihrer Malerei abzielt. [&hellip;]<\/p>\n","protected":false},"author":1,"featured_media":0,"parent":0,"menu_order":0,"comment_status":"closed","ping_status":"closed","template":"","meta":{"_et_pb_use_builder":"on","_et_pb_old_content":"","_et_gb_content_width":"","footnotes":""},"class_list":["post-138","page","type-page","status-publish","hentry"],"yoast_head":"<!-- This site is optimized with the Yoast SEO plugin v27.2 - https:\/\/yoast.com\/product\/yoast-seo-wordpress\/ -->\n<title>Texte - Petra Kost<\/title>\n<meta name=\"description\" content=\"Sch\u00fctten und schichten.. Petra Kost beginnt ihre Bilder oft mit dem Gie\u00dfen von d\u00fcnnfl\u00fcssiger Farbe auf die Leinwand...\" \/>\n<meta name=\"robots\" content=\"index, follow, max-snippet:-1, max-image-preview:large, max-video-preview:-1\" \/>\n<link rel=\"canonical\" href=\"https:\/\/petra-kost.com\/it\/texte\/\" \/>\n<meta property=\"og:locale\" content=\"it_IT\" \/>\n<meta property=\"og:type\" content=\"article\" \/>\n<meta property=\"og:title\" content=\"Texte - Petra Kost\" \/>\n<meta property=\"og:description\" content=\"Sch\u00fctten und schichten.. Petra Kost beginnt ihre Bilder oft mit dem Gie\u00dfen von d\u00fcnnfl\u00fcssiger Farbe auf die Leinwand...\" \/>\n<meta property=\"og:url\" content=\"https:\/\/petra-kost.com\/it\/texte\/\" \/>\n<meta property=\"og:site_name\" content=\"Petra Kost\" \/>\n<meta property=\"article:modified_time\" content=\"2025-07-07T10:40:18+00:00\" \/>\n<meta name=\"twitter:card\" content=\"summary_large_image\" \/>\n<meta name=\"twitter:label1\" content=\"Est. reading time\" \/>\n\t<meta name=\"twitter:data1\" content=\"2 minutes\" \/>\n<script type=\"application\/ld+json\" class=\"yoast-schema-graph\">{\"@context\":\"https:\/\/schema.org\",\"@graph\":[{\"@type\":\"WebPage\",\"@id\":\"https:\/\/petra-kost.com\/texte\/\",\"url\":\"https:\/\/petra-kost.com\/texte\/\",\"name\":\"Texte - Petra Kost\",\"isPartOf\":{\"@id\":\"https:\/\/petra-kost.com\/#website\"},\"datePublished\":\"2021-12-06T09:50:08+00:00\",\"dateModified\":\"2025-07-07T10:40:18+00:00\",\"description\":\"Sch\u00fctten und schichten.. Petra Kost beginnt ihre Bilder oft mit dem Gie\u00dfen von d\u00fcnnfl\u00fcssiger Farbe auf die Leinwand...\",\"breadcrumb\":{\"@id\":\"https:\/\/petra-kost.com\/texte\/#breadcrumb\"},\"inLanguage\":\"it-IT\",\"potentialAction\":[{\"@type\":\"ReadAction\",\"target\":[\"https:\/\/petra-kost.com\/texte\/\"]}]},{\"@type\":\"BreadcrumbList\",\"@id\":\"https:\/\/petra-kost.com\/texte\/#breadcrumb\",\"itemListElement\":[{\"@type\":\"ListItem\",\"position\":1,\"name\":\"Startseite\",\"item\":\"https:\/\/petra-kost.com\/\"},{\"@type\":\"ListItem\",\"position\":2,\"name\":\"Texte\"}]},{\"@type\":\"WebSite\",\"@id\":\"https:\/\/petra-kost.com\/#website\",\"url\":\"https:\/\/petra-kost.com\/\",\"name\":\"Petra Kost\",\"description\":\"Kunstwerk am Fischmarkt, Hamburg\",\"potentialAction\":[{\"@type\":\"SearchAction\",\"target\":{\"@type\":\"EntryPoint\",\"urlTemplate\":\"https:\/\/petra-kost.com\/?s={search_term_string}\"},\"query-input\":{\"@type\":\"PropertyValueSpecification\",\"valueRequired\":true,\"valueName\":\"search_term_string\"}}],\"inLanguage\":\"it-IT\"}]}<\/script>\n<!-- \/ Yoast SEO plugin. -->","yoast_head_json":{"title":"Texte - Petra Kost","description":"Sch\u00fctten und schichten.. Petra Kost beginnt ihre Bilder oft mit dem Gie\u00dfen von d\u00fcnnfl\u00fcssiger Farbe auf die Leinwand...","robots":{"index":"index","follow":"follow","max-snippet":"max-snippet:-1","max-image-preview":"max-image-preview:large","max-video-preview":"max-video-preview:-1"},"canonical":"https:\/\/petra-kost.com\/it\/texte\/","og_locale":"it_IT","og_type":"article","og_title":"Texte - Petra Kost","og_description":"Sch\u00fctten und schichten.. Petra Kost beginnt ihre Bilder oft mit dem Gie\u00dfen von d\u00fcnnfl\u00fcssiger Farbe auf die Leinwand...","og_url":"https:\/\/petra-kost.com\/it\/texte\/","og_site_name":"Petra Kost","article_modified_time":"2025-07-07T10:40:18+00:00","twitter_card":"summary_large_image","twitter_misc":{"Est. reading time":"2 minutes"},"schema":{"@context":"https:\/\/schema.org","@graph":[{"@type":"WebPage","@id":"https:\/\/petra-kost.com\/texte\/","url":"https:\/\/petra-kost.com\/texte\/","name":"Texte - Petra Kost","isPartOf":{"@id":"https:\/\/petra-kost.com\/#website"},"datePublished":"2021-12-06T09:50:08+00:00","dateModified":"2025-07-07T10:40:18+00:00","description":"Sch\u00fctten und schichten.. Petra Kost beginnt ihre Bilder oft mit dem Gie\u00dfen von d\u00fcnnfl\u00fcssiger Farbe auf die Leinwand...","breadcrumb":{"@id":"https:\/\/petra-kost.com\/texte\/#breadcrumb"},"inLanguage":"it-IT","potentialAction":[{"@type":"ReadAction","target":["https:\/\/petra-kost.com\/texte\/"]}]},{"@type":"BreadcrumbList","@id":"https:\/\/petra-kost.com\/texte\/#breadcrumb","itemListElement":[{"@type":"ListItem","position":1,"name":"Startseite","item":"https:\/\/petra-kost.com\/"},{"@type":"ListItem","position":2,"name":"Texte"}]},{"@type":"WebSite","@id":"https:\/\/petra-kost.com\/#website","url":"https:\/\/petra-kost.com\/","name":"Petra Kost","description":"Kunstwerk am Fischmarkt, Hamburg","potentialAction":[{"@type":"SearchAction","target":{"@type":"EntryPoint","urlTemplate":"https:\/\/petra-kost.com\/?s={search_term_string}"},"query-input":{"@type":"PropertyValueSpecification","valueRequired":true,"valueName":"search_term_string"}}],"inLanguage":"it-IT"}]}},"_links":{"self":[{"href":"https:\/\/petra-kost.com\/it\/wp-json\/wp\/v2\/pages\/138","targetHints":{"allow":["GET"]}}],"collection":[{"href":"https:\/\/petra-kost.com\/it\/wp-json\/wp\/v2\/pages"}],"about":[{"href":"https:\/\/petra-kost.com\/it\/wp-json\/wp\/v2\/types\/page"}],"author":[{"embeddable":true,"href":"https:\/\/petra-kost.com\/it\/wp-json\/wp\/v2\/users\/1"}],"replies":[{"embeddable":true,"href":"https:\/\/petra-kost.com\/it\/wp-json\/wp\/v2\/comments?post=138"}],"version-history":[{"count":10,"href":"https:\/\/petra-kost.com\/it\/wp-json\/wp\/v2\/pages\/138\/revisions"}],"predecessor-version":[{"id":1397,"href":"https:\/\/petra-kost.com\/it\/wp-json\/wp\/v2\/pages\/138\/revisions\/1397"}],"wp:attachment":[{"href":"https:\/\/petra-kost.com\/it\/wp-json\/wp\/v2\/media?parent=138"}],"curies":[{"name":"wp","href":"https:\/\/api.w.org\/{rel}","templated":true}]}}