{"id":1477,"date":"2025-07-19T12:16:19","date_gmt":"2025-07-19T10:16:19","guid":{"rendered":"https:\/\/petra-kost.kuich-projects.eu\/?page_id=1477"},"modified":"2025-08-16T14:06:57","modified_gmt":"2025-08-16T12:06:57","slug":"artist-statement","status":"publish","type":"page","link":"https:\/\/petra-kost.com\/it\/artist-statement\/","title":{"rendered":"Artist Statement"},"content":{"rendered":"\n[et_pb_section fb_built=&#8220;1&#8243; _builder_version=&#8220;4.27.4&#8243; _module_preset=&#8220;default&#8220; animation_style=&#8220;slide&#8220; animation_direction=&#8220;bottom&#8220; animation_intensity_slide=&#8220;5%&#8220; global_colors_info=&#8220;{}&#8220;][et_pb_row column_structure=&#8220;2_5,3_5&#8243; _builder_version=&#8220;4.27.4&#8243; _module_preset=&#8220;default&#8220; hover_enabled=&#8220;0&#8243; global_colors_info=&#8220;{}&#8220; sticky_enabled=&#8220;0&#8243;][et_pb_column type=&#8220;2_5&#8243; _builder_version=&#8220;4.27.4&#8243; _module_preset=&#8220;default&#8220; global_colors_info=&#8220;{}&#8220;][\/et_pb_column][et_pb_column type=&#8220;3_5&#8243; _builder_version=&#8220;4.27.4&#8243; _module_preset=&#8220;default&#8220; global_colors_info=&#8220;{}&#8220;][et_pb_post_title meta=&#8220;off&#8220; featured_image=&#8220;off&#8220; _builder_version=&#8220;4.27.4&#8243; _module_preset=&#8220;default&#8220; title_font=&#8220;|||on|||||&#8220; global_colors_info=&#8220;{}&#8220;][\/et_pb_post_title][\/et_pb_column][\/et_pb_row][et_pb_row column_structure=&#8220;2_5,3_5&#8243; _builder_version=&#8220;4.27.4&#8243; _module_preset=&#8220;default&#8220; global_colors_info=&#8220;{}&#8220;][et_pb_column type=&#8220;2_5&#8243; _builder_version=&#8220;4.27.4&#8243; _module_preset=&#8220;default&#8220; global_colors_info=&#8220;{}&#8220;][et_pb_image src=&#8220;http:\/\/petra-kost.com\/wp-content\/uploads\/2025\/07\/Petra_\u00a9-Katrin_Schoening_1T3A5602-Bearbeitet_WEB.jpg&#8220; title_text=&#8220;Petra_\u00a9-Katrin_Scho\u0308ning_1T3A5602-Bearbeitet_WEB&#8220; _builder_version=&#8220;4.27.4&#8243; _module_preset=&#8220;default&#8220; global_colors_info=&#8220;{}&#8220;][\/et_pb_image][\/et_pb_column][et_pb_column type=&#8220;3_5&#8243; _builder_version=&#8220;4.27.4&#8243; _module_preset=&#8220;default&#8220; global_colors_info=&#8220;{}&#8220;][et_pb_text _builder_version=&#8220;4.27.4&#8243; _module_preset=&#8220;default&#8220; global_colors_info=&#8220;{}&#8220;]<p><strong>Zwischen Widerspruch und Wahrhaftigkeit<\/strong><br \/><strong>Pl\u00e4doyer f\u00fcr das paradoxe Leben <\/strong><\/p>\n<p>Meine Kunst ist Ausdruck eines existenziellen Dialogs mit der Welt \u2013 ein Spiegel innerer und \u00e4u\u00dferer Spannungen, in dem sich das \u201cschrecklich Sch\u00f6ne\u201d unseres Menschseins entfaltet. In meinen Bildern lasse ich das Unvereinbare nebeneinander existieren: Leuchtende Farben treffen auf stille Einsamkeit, fragile Figuren auf energetische Kompositionen. Es ist ein Tanz der Gegens\u00e4tze \u2013 kraftvoll, zart, widerspr\u00fcchlich.<\/p>\n<p>Ich gehe den Fragen nach, die unter der Oberfl\u00e4che unserer Zeit brodeln: Isolation inmitten von Gruppen, Sehnsucht nach Verbundenheit, die Ambivalenz zwischen Hoffnung und Zweifel. Diese Themen begleiten mich seit meiner Jugend \u2013 sie sind nicht nur Reflexion, sondern gelebte Erfahrung. Meine Bilder fragen. Sie \u00f6ffnen R\u00e4ume, in denen das Komplexe, das Nicht-Aufl\u00f6sbare, Nicht-Benennbare, das Paradoxe Platz hat \u2013 als Einladung zur Auseinandersetzung, zum Gespr\u00e4ch, zum tiefer eintauchen.<\/p>\n<p>Das Schaffen meiner Bilder ist stark prozessorientiert und intuitiv-analytisch zugleich: klassische Malerei in Acryl und \u00d6l sowie zeichnerische Elemente flie\u00dfen mit Zufallstechniken ineinander, um Sichtbares und Unbewusstes, Individuelles und Kollektives zu verbinden. Ich arbeite vom Unbewussten ins Bewusste \u2013 auf der Suche nach einer Bildsprache, die emotional widerspr\u00fcchliche Zust\u00e4nde in einer gemeinsamen Form vereint.<\/p>\n<p>Ich m\u00f6chte Bilder schaffen, die nicht nur betrachtet, sondern erlebt werden. Sie sollen ber\u00fchren, provozieren, ermutigen und hinterfragen \u2013 immer im Bewusstsein, dass die Besch\u00e4ftigung mit Widerspr\u00fcchen uns n\u00e4her zu uns selbst und zueinander bringt. Denn in der Akzeptanz des Paradoxen liegt die M\u00f6glichkeit, unsere Welt nicht einfacher, aber tiefer, ehrlicher und letztlich menschlicher zu machen.<\/p>[\/et_pb_text][\/et_pb_column][\/et_pb_row][\/et_pb_section]\n","protected":false},"excerpt":{"rendered":"<p>Zwischen Widerspruch und WahrhaftigkeitPl\u00e4doyer f\u00fcr das paradoxe Leben Meine Kunst ist Ausdruck eines existenziellen Dialogs mit der Welt \u2013 ein Spiegel innerer und \u00e4u\u00dferer Spannungen, in dem sich das \u201cschrecklich Sch\u00f6ne\u201d unseres Menschseins entfaltet. In meinen Bildern lasse ich das Unvereinbare nebeneinander existieren: Leuchtende Farben treffen auf stille Einsamkeit, fragile Figuren auf energetische Kompositionen. Es [&hellip;]<\/p>\n","protected":false},"author":1,"featured_media":1520,"parent":0,"menu_order":0,"comment_status":"closed","ping_status":"closed","template":"","meta":{"_et_pb_use_builder":"on","_et_pb_old_content":"","_et_gb_content_width":"","footnotes":""},"class_list":["post-1477","page","type-page","status-publish","has-post-thumbnail","hentry"],"yoast_head":"<!-- This site is optimized with the Yoast SEO plugin v27.2 - https:\/\/yoast.com\/product\/yoast-seo-wordpress\/ -->\n<title>Artist Statement - Petra Kost<\/title>\n<meta name=\"description\" content=\"Zwischen Widerspruch und Wahrhaftigkeit Pl\u00e4doyer f\u00fcr das paradoxe Leben. Meine Kunst ist Ausdruck eines existenziellen Dialogs mit der Welt.\" \/>\n<meta name=\"robots\" content=\"index, follow, max-snippet:-1, max-image-preview:large, max-video-preview:-1\" \/>\n<link rel=\"canonical\" href=\"https:\/\/petra-kost.com\/it\/artist-statement\/\" \/>\n<meta property=\"og:locale\" content=\"it_IT\" \/>\n<meta property=\"og:type\" content=\"article\" \/>\n<meta property=\"og:title\" content=\"Artist Statement - Petra Kost\" \/>\n<meta property=\"og:description\" content=\"Zwischen Widerspruch und Wahrhaftigkeit Pl\u00e4doyer f\u00fcr das paradoxe Leben. Meine Kunst ist Ausdruck eines existenziellen Dialogs mit der Welt.\" \/>\n<meta property=\"og:url\" content=\"https:\/\/petra-kost.com\/it\/artist-statement\/\" \/>\n<meta property=\"og:site_name\" content=\"Petra Kost\" \/>\n<meta property=\"article:modified_time\" content=\"2025-08-16T12:06:57+00:00\" \/>\n<meta property=\"og:image\" content=\"https:\/\/petra-kost.com\/wp-content\/uploads\/2025\/07\/Petra_\u00a9-Katrin_Schoening_1T3A5602-Bearbeitet_WEB.jpg\" \/>\n\t<meta property=\"og:image:width\" content=\"720\" \/>\n\t<meta property=\"og:image:height\" content=\"1080\" \/>\n\t<meta property=\"og:image:type\" content=\"image\/jpeg\" \/>\n<meta name=\"twitter:card\" content=\"summary_large_image\" \/>\n<meta name=\"twitter:label1\" content=\"Est. reading time\" \/>\n\t<meta name=\"twitter:data1\" content=\"2 minutes\" \/>\n<script type=\"application\/ld+json\" class=\"yoast-schema-graph\">{\"@context\":\"https:\/\/schema.org\",\"@graph\":[{\"@type\":\"WebPage\",\"@id\":\"https:\/\/petra-kost.com\/artist-statement\/\",\"url\":\"https:\/\/petra-kost.com\/artist-statement\/\",\"name\":\"Artist Statement - Petra Kost\",\"isPartOf\":{\"@id\":\"https:\/\/petra-kost.com\/#website\"},\"primaryImageOfPage\":{\"@id\":\"https:\/\/petra-kost.com\/artist-statement\/#primaryimage\"},\"image\":{\"@id\":\"https:\/\/petra-kost.com\/artist-statement\/#primaryimage\"},\"thumbnailUrl\":\"https:\/\/petra-kost.com\/wp-content\/uploads\/2025\/07\/Petra_\u00a9-Katrin_Schoening_1T3A5602-Bearbeitet_WEB.jpg\",\"datePublished\":\"2025-07-19T10:16:19+00:00\",\"dateModified\":\"2025-08-16T12:06:57+00:00\",\"description\":\"Zwischen Widerspruch und Wahrhaftigkeit Pl\u00e4doyer f\u00fcr das paradoxe Leben. Meine Kunst ist Ausdruck eines existenziellen Dialogs mit der Welt.\",\"breadcrumb\":{\"@id\":\"https:\/\/petra-kost.com\/artist-statement\/#breadcrumb\"},\"inLanguage\":\"it-IT\",\"potentialAction\":[{\"@type\":\"ReadAction\",\"target\":[\"https:\/\/petra-kost.com\/artist-statement\/\"]}]},{\"@type\":\"ImageObject\",\"inLanguage\":\"it-IT\",\"@id\":\"https:\/\/petra-kost.com\/artist-statement\/#primaryimage\",\"url\":\"https:\/\/petra-kost.com\/wp-content\/uploads\/2025\/07\/Petra_\u00a9-Katrin_Schoening_1T3A5602-Bearbeitet_WEB.jpg\",\"contentUrl\":\"https:\/\/petra-kost.com\/wp-content\/uploads\/2025\/07\/Petra_\u00a9-Katrin_Schoening_1T3A5602-Bearbeitet_WEB.jpg\",\"width\":720,\"height\":1080,\"caption\":\"Artist Statement Petra Kost\"},{\"@type\":\"BreadcrumbList\",\"@id\":\"https:\/\/petra-kost.com\/artist-statement\/#breadcrumb\",\"itemListElement\":[{\"@type\":\"ListItem\",\"position\":1,\"name\":\"Startseite\",\"item\":\"https:\/\/petra-kost.com\/\"},{\"@type\":\"ListItem\",\"position\":2,\"name\":\"Artist Statement\"}]},{\"@type\":\"WebSite\",\"@id\":\"https:\/\/petra-kost.com\/#website\",\"url\":\"https:\/\/petra-kost.com\/\",\"name\":\"Petra Kost\",\"description\":\"Kunstwerk am Fischmarkt, Hamburg\",\"potentialAction\":[{\"@type\":\"SearchAction\",\"target\":{\"@type\":\"EntryPoint\",\"urlTemplate\":\"https:\/\/petra-kost.com\/?s={search_term_string}\"},\"query-input\":{\"@type\":\"PropertyValueSpecification\",\"valueRequired\":true,\"valueName\":\"search_term_string\"}}],\"inLanguage\":\"it-IT\"}]}<\/script>\n<!-- \/ Yoast SEO plugin. -->","yoast_head_json":{"title":"Artist Statement - Petra Kost","description":"Zwischen Widerspruch und Wahrhaftigkeit Pl\u00e4doyer f\u00fcr das paradoxe Leben. Meine Kunst ist Ausdruck eines existenziellen Dialogs mit der Welt.","robots":{"index":"index","follow":"follow","max-snippet":"max-snippet:-1","max-image-preview":"max-image-preview:large","max-video-preview":"max-video-preview:-1"},"canonical":"https:\/\/petra-kost.com\/it\/artist-statement\/","og_locale":"it_IT","og_type":"article","og_title":"Artist Statement - Petra Kost","og_description":"Zwischen Widerspruch und Wahrhaftigkeit Pl\u00e4doyer f\u00fcr das paradoxe Leben. Meine Kunst ist Ausdruck eines existenziellen Dialogs mit der Welt.","og_url":"https:\/\/petra-kost.com\/it\/artist-statement\/","og_site_name":"Petra Kost","article_modified_time":"2025-08-16T12:06:57+00:00","og_image":[{"width":720,"height":1080,"url":"https:\/\/petra-kost.com\/wp-content\/uploads\/2025\/07\/Petra_\u00a9-Katrin_Schoening_1T3A5602-Bearbeitet_WEB.jpg","type":"image\/jpeg"}],"twitter_card":"summary_large_image","twitter_misc":{"Est. reading time":"2 minutes"},"schema":{"@context":"https:\/\/schema.org","@graph":[{"@type":"WebPage","@id":"https:\/\/petra-kost.com\/artist-statement\/","url":"https:\/\/petra-kost.com\/artist-statement\/","name":"Artist Statement - Petra Kost","isPartOf":{"@id":"https:\/\/petra-kost.com\/#website"},"primaryImageOfPage":{"@id":"https:\/\/petra-kost.com\/artist-statement\/#primaryimage"},"image":{"@id":"https:\/\/petra-kost.com\/artist-statement\/#primaryimage"},"thumbnailUrl":"https:\/\/petra-kost.com\/wp-content\/uploads\/2025\/07\/Petra_\u00a9-Katrin_Schoening_1T3A5602-Bearbeitet_WEB.jpg","datePublished":"2025-07-19T10:16:19+00:00","dateModified":"2025-08-16T12:06:57+00:00","description":"Zwischen Widerspruch und Wahrhaftigkeit Pl\u00e4doyer f\u00fcr das paradoxe Leben. Meine Kunst ist Ausdruck eines existenziellen Dialogs mit der Welt.","breadcrumb":{"@id":"https:\/\/petra-kost.com\/artist-statement\/#breadcrumb"},"inLanguage":"it-IT","potentialAction":[{"@type":"ReadAction","target":["https:\/\/petra-kost.com\/artist-statement\/"]}]},{"@type":"ImageObject","inLanguage":"it-IT","@id":"https:\/\/petra-kost.com\/artist-statement\/#primaryimage","url":"https:\/\/petra-kost.com\/wp-content\/uploads\/2025\/07\/Petra_\u00a9-Katrin_Schoening_1T3A5602-Bearbeitet_WEB.jpg","contentUrl":"https:\/\/petra-kost.com\/wp-content\/uploads\/2025\/07\/Petra_\u00a9-Katrin_Schoening_1T3A5602-Bearbeitet_WEB.jpg","width":720,"height":1080,"caption":"Artist Statement Petra Kost"},{"@type":"BreadcrumbList","@id":"https:\/\/petra-kost.com\/artist-statement\/#breadcrumb","itemListElement":[{"@type":"ListItem","position":1,"name":"Startseite","item":"https:\/\/petra-kost.com\/"},{"@type":"ListItem","position":2,"name":"Artist Statement"}]},{"@type":"WebSite","@id":"https:\/\/petra-kost.com\/#website","url":"https:\/\/petra-kost.com\/","name":"Petra Kost","description":"Kunstwerk am Fischmarkt, Hamburg","potentialAction":[{"@type":"SearchAction","target":{"@type":"EntryPoint","urlTemplate":"https:\/\/petra-kost.com\/?s={search_term_string}"},"query-input":{"@type":"PropertyValueSpecification","valueRequired":true,"valueName":"search_term_string"}}],"inLanguage":"it-IT"}]}},"_links":{"self":[{"href":"https:\/\/petra-kost.com\/it\/wp-json\/wp\/v2\/pages\/1477","targetHints":{"allow":["GET"]}}],"collection":[{"href":"https:\/\/petra-kost.com\/it\/wp-json\/wp\/v2\/pages"}],"about":[{"href":"https:\/\/petra-kost.com\/it\/wp-json\/wp\/v2\/types\/page"}],"author":[{"embeddable":true,"href":"https:\/\/petra-kost.com\/it\/wp-json\/wp\/v2\/users\/1"}],"replies":[{"embeddable":true,"href":"https:\/\/petra-kost.com\/it\/wp-json\/wp\/v2\/comments?post=1477"}],"version-history":[{"count":11,"href":"https:\/\/petra-kost.com\/it\/wp-json\/wp\/v2\/pages\/1477\/revisions"}],"predecessor-version":[{"id":1828,"href":"https:\/\/petra-kost.com\/it\/wp-json\/wp\/v2\/pages\/1477\/revisions\/1828"}],"wp:featuredmedia":[{"embeddable":true,"href":"https:\/\/petra-kost.com\/it\/wp-json\/wp\/v2\/media\/1520"}],"wp:attachment":[{"href":"https:\/\/petra-kost.com\/it\/wp-json\/wp\/v2\/media?parent=1477"}],"curies":[{"name":"wp","href":"https:\/\/api.w.org\/{rel}","templated":true}]}}