{"id":1526,"date":"2025-07-19T13:48:28","date_gmt":"2025-07-19T11:48:28","guid":{"rendered":"https:\/\/petra-kost.kuich-projects.eu\/?page_id=1526"},"modified":"2025-08-16T11:18:22","modified_gmt":"2025-08-16T09:18:22","slug":"natur","status":"publish","type":"page","link":"https:\/\/petra-kost.com\/it\/natur\/","title":{"rendered":"Natura"},"content":{"rendered":"\n[et_pb_section fb_built=&#8220;1&#8243; _builder_version=&#8220;4.27.4&#8243; animation_style=&#8220;slide&#8220; animation_direction=&#8220;bottom&#8220; animation_intensity_slide=&#8220;3%&#8220; global_colors_info=&#8220;{}&#8220;][et_pb_row _builder_version=&#8220;4.27.4&#8243; _module_preset=&#8220;default&#8220; global_colors_info=&#8220;{}&#8220;][et_pb_column type=&#8220;4_4&#8243; _builder_version=&#8220;4.27.4&#8243; _module_preset=&#8220;default&#8220; global_colors_info=&#8220;{}&#8220;][et_pb_post_title meta=&#8220;off&#8220; featured_image=&#8220;off&#8220; _builder_version=&#8220;4.27.4&#8243; _module_preset=&#8220;default&#8220; title_font=&#8220;|||on|||||&#8220; global_colors_info=&#8220;{}&#8220;][\/et_pb_post_title][et_pb_text _builder_version=&#8220;4.27.4&#8243; _module_preset=&#8220;default&#8220; hover_enabled=&#8220;0&#8243; sticky_enabled=&#8220;0&#8243;]<p>In der Serie \u201eNatur\u201c erforscht Petra Kost die Sch\u00f6nheit, Macht und gleichzeitige Zerbrechlichkeit der Natur. Strukturen der Elemente Feuer, Wasser, Erde, Luft sowie von Flora und Fauna werden in dichten, oft widerspr\u00fcchlichen Bildkompositionen Raum gegeben. Auch hier geht es um Spannungsfelder: zwischen Staunen und Sorge, zwischen N\u00e4he und Entfremdung. Petra Kosts Werke er\u00f6ffnen Sichtweisen auf die ambivalente Beziehung des Menschen zur Natur \u2013 als Spiegel unserer kollektiven Verantwortung und als Einladung, Verbundenheit neu zu sp\u00fcren.<\/p>[\/et_pb_text][\/et_pb_column][\/et_pb_row][et_pb_row column_structure=&#8220;3_5,2_5&#8243; admin_label=&#8220;Beauty falling&#8220; _builder_version=&#8220;4.27.4&#8243; _module_preset=&#8220;default&#8220; global_colors_info=&#8220;{}&#8220;][et_pb_column type=&#8220;3_5&#8243; _builder_version=&#8220;4.27.4&#8243; _module_preset=&#8220;default&#8220; global_colors_info=&#8220;{}&#8220;][et_pb_image src=&#8220;http:\/\/petra-kost.com\/wp-content\/uploads\/2022\/12\/Beauty-falling-2022-Oel-und-Acryl-auf-Leinwand-100&#215;80-cm-Petra-Kost.jpg&#8220; alt=&#8220;Petra Kost &#8211; Beauty falling, 2022&#8243; title_text=&#8220;Beauty falling \u2013 2022- \u00d6l und Acryl auf Leinwand \u2013 100 x 80 cm&#8220; show_in_lightbox=&#8220;on&#8220; _builder_version=&#8220;4.27.4&#8243; _module_preset=&#8220;default&#8220; global_colors_info=&#8220;{}&#8220; transform_styles__hover_enabled=&#8220;on|hover&#8220; transform_scale__hover_enabled=&#8220;on|hover&#8220; transform_translate__hover_enabled=&#8220;on|desktop&#8220; transform_rotate__hover_enabled=&#8220;on|desktop&#8220; transform_skew__hover_enabled=&#8220;on|desktop&#8220; transform_origin__hover_enabled=&#8220;on|desktop&#8220; transform_scale__hover=&#8220;95%|95%&#8220;][\/et_pb_image][\/et_pb_column][et_pb_column type=&#8220;2_5&#8243; _builder_version=&#8220;4.27.4&#8243; _module_preset=&#8220;default&#8220; global_colors_info=&#8220;{}&#8220;][et_pb_text _builder_version=&#8220;4.27.4&#8243; _module_preset=&#8220;default&#8220; global_colors_info=&#8220;{}&#8220;]<p><strong>Beauty falling<\/strong><\/p>\n<p>2022<\/p>\n<p>\u00d6l und Acryl auf Leinwand<\/p>\n<p>80 x 100 cm<\/p>[\/et_pb_text][\/et_pb_column][\/et_pb_row][et_pb_row column_structure=&#8220;3_5,2_5&#8243; admin_label=&#8220;Floating&#8220; _builder_version=&#8220;4.27.4&#8243; _module_preset=&#8220;default&#8220; global_colors_info=&#8220;{}&#8220;][et_pb_column type=&#8220;3_5&#8243; _builder_version=&#8220;4.27.4&#8243; _module_preset=&#8220;default&#8220; global_colors_info=&#8220;{}&#8220;][et_pb_image src=&#8220;http:\/\/petra-kost.com\/wp-content\/uploads\/2025\/07\/Floating-2025.jpg&#8220; alt=&#8220;Petra Kost &#8211; Floating, 2025&#8243; title_text=&#8220;Floating&#8220; show_in_lightbox=&#8220;on&#8220; _builder_version=&#8220;4.27.4&#8243; _module_preset=&#8220;default&#8220; global_colors_info=&#8220;{}&#8220; transform_styles__hover_enabled=&#8220;on|hover&#8220; transform_scale__hover_enabled=&#8220;on|hover&#8220; transform_translate__hover_enabled=&#8220;on|desktop&#8220; transform_rotate__hover_enabled=&#8220;on|desktop&#8220; transform_skew__hover_enabled=&#8220;on|desktop&#8220; transform_origin__hover_enabled=&#8220;on|desktop&#8220; transform_scale__hover=&#8220;95%|95%&#8220;][\/et_pb_image][\/et_pb_column][et_pb_column type=&#8220;2_5&#8243; _builder_version=&#8220;4.27.4&#8243; _module_preset=&#8220;default&#8220; global_colors_info=&#8220;{}&#8220;][et_pb_text _builder_version=&#8220;4.27.4&#8243; _module_preset=&#8220;default&#8220; global_colors_info=&#8220;{}&#8220;]<p><strong>Floating<\/strong><\/p>\n<p>2025<\/p>\n<p>Acryl auf Leinwand<\/p>\n<p>Diptychon 160 x 100 m<\/p>[\/et_pb_text][\/et_pb_column][\/et_pb_row][et_pb_row column_structure=&#8220;3_5,2_5&#8243; admin_label=&#8220;Pissardii&#8220; _builder_version=&#8220;4.27.4&#8243; _module_preset=&#8220;default&#8220; global_colors_info=&#8220;{}&#8220;][et_pb_column type=&#8220;3_5&#8243; _builder_version=&#8220;4.27.4&#8243; _module_preset=&#8220;default&#8220; global_colors_info=&#8220;{}&#8220;][et_pb_image src=&#8220;http:\/\/petra-kost.com\/wp-content\/uploads\/2022\/04\/20220405_162358-scaled.jpg&#8220; alt=&#8220;Petra Kost &#8211; Pissardii, 2022&#8243; title_text=&#8220;Pissardii&#8220; show_in_lightbox=&#8220;on&#8220; _builder_version=&#8220;4.27.4&#8243; _module_preset=&#8220;default&#8220; global_colors_info=&#8220;{}&#8220; transform_styles__hover_enabled=&#8220;on|hover&#8220; transform_scale__hover_enabled=&#8220;on|hover&#8220; transform_translate__hover_enabled=&#8220;on|desktop&#8220; transform_rotate__hover_enabled=&#8220;on|desktop&#8220; transform_skew__hover_enabled=&#8220;on|desktop&#8220; transform_origin__hover_enabled=&#8220;on|desktop&#8220; transform_scale__hover=&#8220;95%|95%&#8220;][\/et_pb_image][\/et_pb_column][et_pb_column type=&#8220;2_5&#8243; _builder_version=&#8220;4.27.4&#8243; _module_preset=&#8220;default&#8220; global_colors_info=&#8220;{}&#8220;][et_pb_text _builder_version=&#8220;4.27.4&#8243; _module_preset=&#8220;default&#8220; global_colors_info=&#8220;{}&#8220;]<p><strong>Pissardii<\/strong><\/p>\n<p>2022<\/p>\n<p>Acryl auf Leinwand<\/p>\n<p>120 x 100 cm<\/p>[\/et_pb_text][\/et_pb_column][\/et_pb_row][et_pb_row column_structure=&#8220;3_5,2_5&#8243; admin_label=&#8220;Modesty&#8220; _builder_version=&#8220;4.27.4&#8243; _module_preset=&#8220;default&#8220; global_colors_info=&#8220;{}&#8220;][et_pb_column type=&#8220;3_5&#8243; _builder_version=&#8220;4.27.4&#8243; _module_preset=&#8220;default&#8220; global_colors_info=&#8220;{}&#8220;][et_pb_image src=&#8220;http:\/\/petra-kost.com\/wp-content\/uploads\/2025\/07\/Modesty-2022-.jpg&#8220; alt=&#8220;Petra Kost &#8211; Modesty, 2022&#8243; title_text=&#8220;Modesty,-2022-&#8220; show_in_lightbox=&#8220;on&#8220; _builder_version=&#8220;4.27.4&#8243; _module_preset=&#8220;default&#8220; global_colors_info=&#8220;{}&#8220; transform_styles__hover_enabled=&#8220;on|hover&#8220; transform_scale__hover_enabled=&#8220;on|hover&#8220; transform_translate__hover_enabled=&#8220;on|desktop&#8220; transform_rotate__hover_enabled=&#8220;on|desktop&#8220; transform_skew__hover_enabled=&#8220;on|desktop&#8220; transform_origin__hover_enabled=&#8220;on|desktop&#8220; transform_scale__hover=&#8220;95%|95%&#8220;][\/et_pb_image][\/et_pb_column][et_pb_column type=&#8220;2_5&#8243; _builder_version=&#8220;4.27.4&#8243; _module_preset=&#8220;default&#8220; global_colors_info=&#8220;{}&#8220;][et_pb_text _builder_version=&#8220;4.27.4&#8243; _module_preset=&#8220;default&#8220; global_colors_info=&#8220;{}&#8220;]<p><strong>Modesty<\/strong><\/p>\n<p>2022<\/p>\n<p>Acryl auf Leinwand<\/p>\n<p>100 x 120 cm<\/p>[\/et_pb_text][\/et_pb_column][\/et_pb_row][et_pb_row column_structure=&#8220;3_5,2_5&#8243; admin_label=&#8220;Tonle Sap&#8220; _builder_version=&#8220;4.27.4&#8243; _module_preset=&#8220;default&#8220; global_colors_info=&#8220;{}&#8220;][et_pb_column type=&#8220;3_5&#8243; _builder_version=&#8220;4.27.4&#8243; _module_preset=&#8220;default&#8220; global_colors_info=&#8220;{}&#8220;][et_pb_image src=&#8220;http:\/\/petra-kost.com\/wp-content\/uploads\/2021\/12\/20200520_081433-tonie-sap.jpg&#8220; alt=&#8220;Petra Kost &#8211; Tonle Sap, 2020&#8243; title_text=&#8220;Tonle Sap&#8220; show_in_lightbox=&#8220;on&#8220; _builder_version=&#8220;4.27.4&#8243; _module_preset=&#8220;default&#8220; global_colors_info=&#8220;{}&#8220; transform_styles__hover_enabled=&#8220;on|hover&#8220; transform_scale__hover_enabled=&#8220;on|hover&#8220; transform_translate__hover_enabled=&#8220;on|desktop&#8220; transform_rotate__hover_enabled=&#8220;on|desktop&#8220; transform_skew__hover_enabled=&#8220;on|desktop&#8220; transform_origin__hover_enabled=&#8220;on|desktop&#8220; transform_scale__hover=&#8220;95%|95%&#8220;][\/et_pb_image][\/et_pb_column][et_pb_column type=&#8220;2_5&#8243; _builder_version=&#8220;4.27.4&#8243; _module_preset=&#8220;default&#8220; global_colors_info=&#8220;{}&#8220;][et_pb_text _builder_version=&#8220;4.27.4&#8243; _module_preset=&#8220;default&#8220; global_colors_info=&#8220;{}&#8220;]<p><strong>Tonle Sap<\/strong><\/p>\n<p>2020<\/p>\n<p>\u00d6l und Acryl auf Leinwand<\/p>\n<p>100 x 80 cm<\/p>[\/et_pb_text][\/et_pb_column][\/et_pb_row][et_pb_row column_structure=&#8220;3_5,2_5&#8243; admin_label=&#8220;Eintauchen&#8220; _builder_version=&#8220;4.27.4&#8243; _module_preset=&#8220;default&#8220; global_colors_info=&#8220;{}&#8220;][et_pb_column type=&#8220;3_5&#8243; _builder_version=&#8220;4.27.4&#8243; _module_preset=&#8220;default&#8220; global_colors_info=&#8220;{}&#8220;][et_pb_image src=&#8220;http:\/\/petra-kost.com\/wp-content\/uploads\/2021\/12\/Eintauchen-2017-Petra-Kost-Oel-Acryl-auf-Leinw.-50x70cm-1.jpg&#8220; alt=&#8220;Petra Kost &#8211; Eintauchen, 2017&#8243; title_text=&#8220;Eintauchen&#8220; show_in_lightbox=&#8220;on&#8220; _builder_version=&#8220;4.27.4&#8243; _module_preset=&#8220;default&#8220; global_colors_info=&#8220;{}&#8220; transform_styles__hover_enabled=&#8220;on|hover&#8220; transform_scale__hover_enabled=&#8220;on|hover&#8220; transform_translate__hover_enabled=&#8220;on|desktop&#8220; transform_rotate__hover_enabled=&#8220;on|desktop&#8220; transform_skew__hover_enabled=&#8220;on|desktop&#8220; transform_origin__hover_enabled=&#8220;on|desktop&#8220; transform_scale__hover=&#8220;95%|95%&#8220;][\/et_pb_image][\/et_pb_column][et_pb_column type=&#8220;2_5&#8243; _builder_version=&#8220;4.27.4&#8243; _module_preset=&#8220;default&#8220; global_colors_info=&#8220;{}&#8220;][et_pb_text _builder_version=&#8220;4.27.4&#8243; _module_preset=&#8220;default&#8220; global_colors_info=&#8220;{}&#8220;]<p><strong>Eintauchen<\/strong><\/p>\n<p>2017<\/p>\n<p>\u00d6l und Acryl auf Leinwand<\/p>\n<p>70 x 50 cm<\/p>[\/et_pb_text][\/et_pb_column][\/et_pb_row][et_pb_row column_structure=&#8220;3_5,2_5&#8243; admin_label=&#8220;Natural Structure&#8220; _builder_version=&#8220;4.27.4&#8243; _module_preset=&#8220;default&#8220; global_colors_info=&#8220;{}&#8220;][et_pb_column type=&#8220;3_5&#8243; _builder_version=&#8220;4.27.4&#8243; _module_preset=&#8220;default&#8220; global_colors_info=&#8220;{}&#8220;][et_pb_image src=&#8220;http:\/\/petra-kost.com\/wp-content\/uploads\/2025\/07\/Natural-structure-2016.jpg&#8220; alt=&#8220;Petra Kost &#8211; Natural Structure, 2016&#8243; title_text=&#8220;Natural-structure&#8220; show_in_lightbox=&#8220;on&#8220; _builder_version=&#8220;4.27.4&#8243; _module_preset=&#8220;default&#8220; global_colors_info=&#8220;{}&#8220; transform_styles__hover_enabled=&#8220;on|hover&#8220; transform_scale__hover_enabled=&#8220;on|hover&#8220; transform_translate__hover_enabled=&#8220;on|desktop&#8220; transform_rotate__hover_enabled=&#8220;on|desktop&#8220; transform_skew__hover_enabled=&#8220;on|desktop&#8220; transform_origin__hover_enabled=&#8220;on|desktop&#8220; transform_scale__hover=&#8220;95%|95%&#8220;][\/et_pb_image][\/et_pb_column][et_pb_column type=&#8220;2_5&#8243; _builder_version=&#8220;4.27.4&#8243; _module_preset=&#8220;default&#8220; global_colors_info=&#8220;{}&#8220;][et_pb_text _builder_version=&#8220;4.27.4&#8243; _module_preset=&#8220;default&#8220; global_colors_info=&#8220;{}&#8220;]<p><strong>Natural Structure<\/strong><\/p>\n<p>2016<\/p>\n<p>\u00d6l und Acryl auf Leinwand<\/p>\n<p>200 x 140 cm<\/p>[\/et_pb_text][\/et_pb_column][\/et_pb_row][et_pb_row column_structure=&#8220;3_5,2_5&#8243; admin_label=&#8220;Transformation&#8220; _builder_version=&#8220;4.27.4&#8243; _module_preset=&#8220;default&#8220; global_colors_info=&#8220;{}&#8220;][et_pb_column type=&#8220;3_5&#8243; _builder_version=&#8220;4.27.4&#8243; _module_preset=&#8220;default&#8220; global_colors_info=&#8220;{}&#8220;][et_pb_image src=&#8220;http:\/\/petra-kost.com\/wp-content\/uploads\/2025\/07\/Transformation-2015JPG.jpg&#8220; alt=&#8220;Petra Kost &#8211; Transformation, 2015&#8243; title_text=&#8220;Transformation&#8220; show_in_lightbox=&#8220;on&#8220; _builder_version=&#8220;4.27.4&#8243; _module_preset=&#8220;default&#8220; global_colors_info=&#8220;{}&#8220; transform_styles__hover_enabled=&#8220;on|hover&#8220; transform_scale__hover_enabled=&#8220;on|hover&#8220; transform_translate__hover_enabled=&#8220;on|desktop&#8220; transform_rotate__hover_enabled=&#8220;on|desktop&#8220; transform_skew__hover_enabled=&#8220;on|desktop&#8220; transform_origin__hover_enabled=&#8220;on|desktop&#8220; transform_scale__hover=&#8220;95%|95%&#8220;][\/et_pb_image][\/et_pb_column][et_pb_column type=&#8220;2_5&#8243; _builder_version=&#8220;4.27.4&#8243; _module_preset=&#8220;default&#8220; global_colors_info=&#8220;{}&#8220;][et_pb_text _builder_version=&#8220;4.27.4&#8243; _module_preset=&#8220;default&#8220; global_colors_info=&#8220;{}&#8220;]<p><strong>Transformation<\/strong><\/p>\n<p>2015<\/p>\n<p>\u00d6l und Acryl auf Leinwand<\/p>\n<p>200 x 140 cm<\/p>[\/et_pb_text][\/et_pb_column][\/et_pb_row][et_pb_row column_structure=&#8220;3_5,2_5&#8243; admin_label=&#8220;Entwicklung&#8220; _builder_version=&#8220;4.27.4&#8243; _module_preset=&#8220;default&#8220; global_colors_info=&#8220;{}&#8220;][et_pb_column type=&#8220;3_5&#8243; _builder_version=&#8220;4.27.4&#8243; _module_preset=&#8220;default&#8220; global_colors_info=&#8220;{}&#8220;][et_pb_image src=&#8220;http:\/\/petra-kost.com\/wp-content\/uploads\/2025\/07\/Entwicklung-2018.jpg&#8220; alt=&#8220;Petra Kost &#8211; Entwicklung, 2018&#8243; title_text=&#8220;Entwicklung&#8220; show_in_lightbox=&#8220;on&#8220; admin_label=&#8220;Entwicklung&#8220; _builder_version=&#8220;4.27.4&#8243; _module_preset=&#8220;default&#8220; global_colors_info=&#8220;{}&#8220; transform_styles__hover_enabled=&#8220;on|hover&#8220; transform_scale__hover_enabled=&#8220;on|hover&#8220; transform_translate__hover_enabled=&#8220;on|desktop&#8220; transform_rotate__hover_enabled=&#8220;on|desktop&#8220; transform_skew__hover_enabled=&#8220;on|desktop&#8220; transform_origin__hover_enabled=&#8220;on|desktop&#8220; transform_scale__hover=&#8220;95%|95%&#8220;][\/et_pb_image][\/et_pb_column][et_pb_column type=&#8220;2_5&#8243; _builder_version=&#8220;4.27.4&#8243; _module_preset=&#8220;default&#8220; global_colors_info=&#8220;{}&#8220;][et_pb_text _builder_version=&#8220;4.27.4&#8243; _module_preset=&#8220;default&#8220; global_colors_info=&#8220;{}&#8220;]<p><strong>Entwicklung<\/strong><\/p>\n<p>2018<\/p>\n<p>\u00d6l und Acryl auf Leinwand<\/p>\n<p>120 x 100 cm<\/p>[\/et_pb_text][\/et_pb_column][\/et_pb_row][\/et_pb_section]\n","protected":false},"excerpt":{"rendered":"<p>In der Serie \u201eNatur\u201c erforscht Petra Kost die Sch\u00f6nheit, Macht und gleichzeitige Zerbrechlichkeit der Natur. Strukturen der Elemente Feuer, Wasser, Erde, Luft sowie von Flora und Fauna werden in dichten, oft widerspr\u00fcchlichen Bildkompositionen Raum gegeben. Auch hier geht es um Spannungsfelder: zwischen Staunen und Sorge, zwischen N\u00e4he und Entfremdung. Petra Kosts Werke er\u00f6ffnen Sichtweisen auf [&hellip;]<\/p>\n","protected":false},"author":1,"featured_media":245,"parent":0,"menu_order":0,"comment_status":"closed","ping_status":"closed","template":"","meta":{"_et_pb_use_builder":"on","_et_pb_old_content":"","_et_gb_content_width":"","footnotes":""},"class_list":["post-1526","page","type-page","status-publish","has-post-thumbnail","hentry"],"yoast_head":"<!-- This site is optimized with the Yoast SEO plugin v27.4 - https:\/\/yoast.com\/product\/yoast-seo-wordpress\/ -->\n<title>Natur - Petra Kost<\/title>\n<meta name=\"description\" content=\"In der Serie \u201eNatur\u201c erforscht Petra Kost die Sch\u00f6nheit, Macht und gleichzeitige Zerbrechlichkeit der Natur. Strukturen der Elemente Feuer..\" \/>\n<meta name=\"robots\" content=\"index, follow, max-snippet:-1, max-image-preview:large, max-video-preview:-1\" \/>\n<link rel=\"canonical\" href=\"https:\/\/petra-kost.com\/it\/natur\/\" \/>\n<meta property=\"og:locale\" content=\"it_IT\" \/>\n<meta property=\"og:type\" content=\"article\" \/>\n<meta property=\"og:title\" content=\"Natur - Petra Kost\" \/>\n<meta property=\"og:description\" content=\"In der Serie \u201eNatur\u201c erforscht Petra Kost die Sch\u00f6nheit, Macht und gleichzeitige Zerbrechlichkeit der Natur. Strukturen der Elemente Feuer..\" \/>\n<meta property=\"og:url\" content=\"https:\/\/petra-kost.com\/it\/natur\/\" \/>\n<meta property=\"og:site_name\" content=\"Petra Kost\" \/>\n<meta property=\"article:modified_time\" content=\"2025-08-16T09:18:22+00:00\" \/>\n<meta property=\"og:image\" content=\"https:\/\/petra-kost.com\/wp-content\/uploads\/2021\/12\/Eintauchen-2017-Petra-Kost-Oel-Acryl-auf-Leinw.-50x70cm-1.jpg\" \/>\n\t<meta property=\"og:image:width\" content=\"1200\" \/>\n\t<meta property=\"og:image:height\" content=\"841\" \/>\n\t<meta property=\"og:image:type\" content=\"image\/jpeg\" \/>\n<meta name=\"twitter:card\" content=\"summary_large_image\" \/>\n<meta name=\"twitter:label1\" content=\"Est. reading time\" \/>\n\t<meta name=\"twitter:data1\" content=\"3 minutes\" \/>\n<script type=\"application\/ld+json\" class=\"yoast-schema-graph\">{\"@context\":\"https:\\\/\\\/schema.org\",\"@graph\":[{\"@type\":\"WebPage\",\"@id\":\"https:\\\/\\\/petra-kost.com\\\/it\\\/natur\\\/\",\"url\":\"https:\\\/\\\/petra-kost.com\\\/it\\\/natur\\\/\",\"name\":\"Natur - Petra Kost\",\"isPartOf\":{\"@id\":\"https:\\\/\\\/petra-kost.com\\\/#website\"},\"primaryImageOfPage\":{\"@id\":\"https:\\\/\\\/petra-kost.com\\\/it\\\/natur\\\/#primaryimage\"},\"image\":{\"@id\":\"https:\\\/\\\/petra-kost.com\\\/it\\\/natur\\\/#primaryimage\"},\"thumbnailUrl\":\"https:\\\/\\\/petra-kost.com\\\/wp-content\\\/uploads\\\/2021\\\/12\\\/Eintauchen-2017-Petra-Kost-Oel-Acryl-auf-Leinw.-50x70cm-1.jpg\",\"datePublished\":\"2025-07-19T11:48:28+00:00\",\"dateModified\":\"2025-08-16T09:18:22+00:00\",\"description\":\"In der Serie \u201eNatur\u201c erforscht Petra Kost die Sch\u00f6nheit, Macht und gleichzeitige Zerbrechlichkeit der Natur. Strukturen der Elemente Feuer..\",\"breadcrumb\":{\"@id\":\"https:\\\/\\\/petra-kost.com\\\/it\\\/natur\\\/#breadcrumb\"},\"inLanguage\":\"it-IT\",\"potentialAction\":[{\"@type\":\"ReadAction\",\"target\":[\"https:\\\/\\\/petra-kost.com\\\/it\\\/natur\\\/\"]}]},{\"@type\":\"ImageObject\",\"inLanguage\":\"it-IT\",\"@id\":\"https:\\\/\\\/petra-kost.com\\\/it\\\/natur\\\/#primaryimage\",\"url\":\"https:\\\/\\\/petra-kost.com\\\/wp-content\\\/uploads\\\/2021\\\/12\\\/Eintauchen-2017-Petra-Kost-Oel-Acryl-auf-Leinw.-50x70cm-1.jpg\",\"contentUrl\":\"https:\\\/\\\/petra-kost.com\\\/wp-content\\\/uploads\\\/2021\\\/12\\\/Eintauchen-2017-Petra-Kost-Oel-Acryl-auf-Leinw.-50x70cm-1.jpg\",\"width\":1200,\"height\":841,\"caption\":\"2017 \u00b7 \u00d6l und Acryl auf Leinwand \u00b7 50 x 70 cm\"},{\"@type\":\"BreadcrumbList\",\"@id\":\"https:\\\/\\\/petra-kost.com\\\/it\\\/natur\\\/#breadcrumb\",\"itemListElement\":[{\"@type\":\"ListItem\",\"position\":1,\"name\":\"Startseite\",\"item\":\"https:\\\/\\\/petra-kost.com\\\/\"},{\"@type\":\"ListItem\",\"position\":2,\"name\":\"Natur\"}]},{\"@type\":\"WebSite\",\"@id\":\"https:\\\/\\\/petra-kost.com\\\/#website\",\"url\":\"https:\\\/\\\/petra-kost.com\\\/\",\"name\":\"Petra Kost\",\"description\":\"Kunstwerk am Fischmarkt, Hamburg\",\"potentialAction\":[{\"@type\":\"SearchAction\",\"target\":{\"@type\":\"EntryPoint\",\"urlTemplate\":\"https:\\\/\\\/petra-kost.com\\\/?s={search_term_string}\"},\"query-input\":{\"@type\":\"PropertyValueSpecification\",\"valueRequired\":true,\"valueName\":\"search_term_string\"}}],\"inLanguage\":\"it-IT\"}]}<\/script>\n<!-- \/ Yoast SEO plugin. -->","yoast_head_json":{"title":"Natura - Petra Kost","description":"Nella serie \u201cNatura\u201d, Petra Kost esplora la bellezza, la forza e la fragilit\u00e0 della natura. Strutture degli elementi fuoco...","robots":{"index":"index","follow":"follow","max-snippet":"max-snippet:-1","max-image-preview":"max-image-preview:large","max-video-preview":"max-video-preview:-1"},"canonical":"https:\/\/petra-kost.com\/it\/natur\/","og_locale":"it_IT","og_type":"article","og_title":"Natur - Petra Kost","og_description":"In der Serie \u201eNatur\u201c erforscht Petra Kost die Sch\u00f6nheit, Macht und gleichzeitige Zerbrechlichkeit der Natur. Strukturen der Elemente Feuer..","og_url":"https:\/\/petra-kost.com\/it\/natur\/","og_site_name":"Petra Kost","article_modified_time":"2025-08-16T09:18:22+00:00","og_image":[{"width":1200,"height":841,"url":"https:\/\/petra-kost.com\/wp-content\/uploads\/2021\/12\/Eintauchen-2017-Petra-Kost-Oel-Acryl-auf-Leinw.-50x70cm-1.jpg","type":"image\/jpeg"}],"twitter_card":"summary_large_image","twitter_misc":{"Est. reading time":"3 minutes"},"schema":{"@context":"https:\/\/schema.org","@graph":[{"@type":"WebPage","@id":"https:\/\/petra-kost.com\/it\/natur\/","url":"https:\/\/petra-kost.com\/it\/natur\/","name":"Natura - Petra Kost","isPartOf":{"@id":"https:\/\/petra-kost.com\/#website"},"primaryImageOfPage":{"@id":"https:\/\/petra-kost.com\/it\/natur\/#primaryimage"},"image":{"@id":"https:\/\/petra-kost.com\/it\/natur\/#primaryimage"},"thumbnailUrl":"https:\/\/petra-kost.com\/wp-content\/uploads\/2021\/12\/Eintauchen-2017-Petra-Kost-Oel-Acryl-auf-Leinw.-50x70cm-1.jpg","datePublished":"2025-07-19T11:48:28+00:00","dateModified":"2025-08-16T09:18:22+00:00","description":"Nella serie \u201cNatura\u201d, Petra Kost esplora la bellezza, la forza e la fragilit\u00e0 della natura. Strutture degli elementi fuoco...","breadcrumb":{"@id":"https:\/\/petra-kost.com\/it\/natur\/#breadcrumb"},"inLanguage":"it-IT","potentialAction":[{"@type":"ReadAction","target":["https:\/\/petra-kost.com\/it\/natur\/"]}]},{"@type":"ImageObject","inLanguage":"it-IT","@id":"https:\/\/petra-kost.com\/it\/natur\/#primaryimage","url":"https:\/\/petra-kost.com\/wp-content\/uploads\/2021\/12\/Eintauchen-2017-Petra-Kost-Oel-Acryl-auf-Leinw.-50x70cm-1.jpg","contentUrl":"https:\/\/petra-kost.com\/wp-content\/uploads\/2021\/12\/Eintauchen-2017-Petra-Kost-Oel-Acryl-auf-Leinw.-50x70cm-1.jpg","width":1200,"height":841,"caption":"2017 \u00b7 \u00d6l und Acryl auf Leinwand \u00b7 50 x 70 cm"},{"@type":"BreadcrumbList","@id":"https:\/\/petra-kost.com\/it\/natur\/#breadcrumb","itemListElement":[{"@type":"ListItem","position":1,"name":"Startseite","item":"https:\/\/petra-kost.com\/"},{"@type":"ListItem","position":2,"name":"Natur"}]},{"@type":"WebSite","@id":"https:\/\/petra-kost.com\/#website","url":"https:\/\/petra-kost.com\/","name":"Petra Kost","description":"Kunstwerk am Fischmarkt, Hamburg","potentialAction":[{"@type":"SearchAction","target":{"@type":"EntryPoint","urlTemplate":"https:\/\/petra-kost.com\/?s={search_term_string}"},"query-input":{"@type":"PropertyValueSpecification","valueRequired":true,"valueName":"search_term_string"}}],"inLanguage":"it-IT"}]}},"_links":{"self":[{"href":"https:\/\/petra-kost.com\/it\/wp-json\/wp\/v2\/pages\/1526","targetHints":{"allow":["GET"]}}],"collection":[{"href":"https:\/\/petra-kost.com\/it\/wp-json\/wp\/v2\/pages"}],"about":[{"href":"https:\/\/petra-kost.com\/it\/wp-json\/wp\/v2\/types\/page"}],"author":[{"embeddable":true,"href":"https:\/\/petra-kost.com\/it\/wp-json\/wp\/v2\/users\/1"}],"replies":[{"embeddable":true,"href":"https:\/\/petra-kost.com\/it\/wp-json\/wp\/v2\/comments?post=1526"}],"version-history":[{"count":11,"href":"https:\/\/petra-kost.com\/it\/wp-json\/wp\/v2\/pages\/1526\/revisions"}],"predecessor-version":[{"id":1816,"href":"https:\/\/petra-kost.com\/it\/wp-json\/wp\/v2\/pages\/1526\/revisions\/1816"}],"wp:featuredmedia":[{"embeddable":true,"href":"https:\/\/petra-kost.com\/it\/wp-json\/wp\/v2\/media\/245"}],"wp:attachment":[{"href":"https:\/\/petra-kost.com\/it\/wp-json\/wp\/v2\/media?parent=1526"}],"curies":[{"name":"wp","href":"https:\/\/api.w.org\/{rel}","templated":true}]}}