{"id":625,"date":"2021-12-08T07:42:52","date_gmt":"2021-12-08T07:42:52","guid":{"rendered":"http:\/\/petra-kost-malerei.kuich.eu\/?page_id=625"},"modified":"2026-03-18T10:34:19","modified_gmt":"2026-03-18T09:34:19","slug":"aktuelles","status":"publish","type":"page","link":"https:\/\/petra-kost.com\/it\/aktuelles\/","title":{"rendered":"Attualit\u00e0"},"content":{"rendered":"<p>[et_pb_section fb_built=&#8220;1&#8243; _builder_version=&#8220;4.27.6&#8243; _module_preset=&#8220;default&#8220; background_color=&#8220;#f9f9f9&#8243; animation_style=&#8220;slide&#8220; animation_direction=&#8220;bottom&#8220; animation_intensity_slide=&#8220;10%&#8220; global_colors_info=&#8220;{}&#8220;][et_pb_row _builder_version=&#8220;4.27.6&#8243; _module_preset=&#8220;default&#8220; global_colors_info=&#8220;{}&#8220;][et_pb_column type=&#8220;4_4&#8243; _builder_version=&#8220;4.27.6&#8243; _module_preset=&#8220;default&#8220; global_colors_info=&#8220;{}&#8220;][et_pb_text _builder_version=&#8220;4.27.6&#8243; _module_preset=&#8220;default&#8220; header_line_height=&#8220;1.5em&#8220; header_3_line_height=&#8220;1.2em&#8220; global_colors_info=&#8220;{}&#8220;]<\/p>\n<h1>Ausstellung<br \/><em>unvereinbar \u2013 zusammen<\/em><\/h1>\n<h3>Vernissage am Freitag 19.Juni 2026 um 19 Uhr<\/h3>\n<h3>Kunstverein Quickborn, Kieler Strasse 149 in 25451 Quickborn<\/h3>\n<p>[\/et_pb_text][et_pb_text _builder_version=&#8220;4.27.6&#8243; _module_preset=&#8220;default&#8220; header_line_height=&#8220;1.5em&#8220; header_3_line_height=&#8220;1.2em&#8220; custom_margin=&#8220;||50px|||&#8220; hover_enabled=&#8220;0&#8243; global_colors_info=&#8220;{}&#8220; sticky_enabled=&#8220;0&#8243;]<\/p>\n<p>In ihrer Ausstellung unvereinbar \u2013 zusammen erkundet Petra Kost das Spannungsfeld von Menschsein, Verortung und Zugeh\u00f6rigkeit in einer Welt des fortw\u00e4hrenden Wandels. Ihre Malerei bewegt sich zwischen Landschaften, fragmentierten Architekturen und inneren Bildr\u00e4umen, in denen menschliche Figuren zugleich pr\u00e4sent und entr\u00fcckt erscheinen.<\/p>\n<p>Die Arbeiten nehmen Erfahrungen von Verlust und Suche in den Blick \u2013 den Verlust von Orten, Beziehungen und Gewissheiten. Daraus entsteht immer wieder die Frage nach dem eigenen Platz in der Welt: Wo geh\u00f6ren wir hin? Was tr\u00e4gt, wenn Sicherheiten br\u00fcchig werden?<\/p>\n<p>Kosts Bilder \u00f6ffnen R\u00e4ume des Paradoxen. N\u00e4he und Isolation, Hoffnung und Zweifel, Verbundenheit und Einsamkeit bestehen darin gleichzeitig. Im Nebeneinander dieser Gegens\u00e4tze entstehen Bildr\u00e4ume, in denen sich Fragen von Zugeh\u00f6rigkeit, Verlust und Verbindung immer wieder neu entfalten.<\/p>\n<p>Die Ausstellung ist am Samstag, 20.06. von 14 bis 18 Uhr und am Sonntag, 21.06.2026 von 11 bis 17 Uhr ge\u00f6ffnet.<\/p>\n<p>[\/et_pb_text][et_pb_image src=&#8220;https:\/\/petra-kost.com\/wp-content\/uploads\/2025\/07\/Shechina-2025-e1773746848501.jpg&#8220; show_in_lightbox=&#8220;on&#8220; _builder_version=&#8220;4.27.6&#8243; _module_preset=&#8220;default&#8220; global_colors_info=&#8220;{}&#8220; transform_styles__hover_enabled=&#8220;on|desktop&#8220; transform_scale__hover_enabled=&#8220;on|desktop&#8220; transform_translate__hover_enabled=&#8220;on|desktop&#8220; transform_rotate__hover_enabled=&#8220;on|desktop&#8220; transform_skew__hover_enabled=&#8220;on|desktop&#8220; transform_origin__hover_enabled=&#8220;on|desktop&#8220; transform_scale__hover=&#8220;95%|95%&#8220;][\/et_pb_image][\/et_pb_column][\/et_pb_row][\/et_pb_section][et_pb_section fb_built=&#8220;1&#8243; _builder_version=&#8220;4.27.4&#8243; _module_preset=&#8220;default&#8220; animation_style=&#8220;slide&#8220; animation_direction=&#8220;bottom&#8220; animation_intensity_slide=&#8220;5%&#8220; global_colors_info=&#8220;{}&#8220;][et_pb_row _builder_version=&#8220;4.27.4&#8243; _module_preset=&#8220;default&#8220; global_colors_info=&#8220;{}&#8220;][et_pb_column type=&#8220;4_4&#8243; _builder_version=&#8220;4.27.4&#8243; _module_preset=&#8220;default&#8220; global_colors_info=&#8220;{}&#8220;][et_pb_text _builder_version=&#8220;4.27.5&#8243; _module_preset=&#8220;default&#8220; header_font_size=&#8220;28px&#8220; header_font_size_tablet=&#8220;28px&#8220; header_font_size_phone=&#8220;24px&#8220; header_font_size_last_edited=&#8220;on|desktop&#8220; header_letter_spacing_tablet=&#8220;&#8220; header_letter_spacing_phone=&#8220;&#8220; header_letter_spacing_last_edited=&#8220;on|desktop&#8220; global_colors_info=&#8220;{}&#8220;]<\/p>\n<h1>Ausstellung <em>see me<\/em><\/h1>\n<p>[\/et_pb_text][et_pb_text _builder_version=&#8220;4.27.6&#8243; _module_preset=&#8220;default&#8220; header_2_font=&#8220;|800|||||||&#8220; header_2_font_size=&#8220;21px&#8220; header_2_line_height=&#8220;1.2em&#8220; global_colors_info=&#8220;{}&#8220;]<\/p>\n<p>muss leider auf den Herbst 2026 verschoben werden<\/p>\n<p>gute r\u00e4ume, ABC-Strasse 15 in 20354 Hamburg<\/p>\n<p>[\/et_pb_text][et_pb_image src=&#8220;https:\/\/petra-kost.com\/wp-content\/uploads\/2026\/02\/see-me-2026-Petra-Kost-oel-u.-Acryl-a-LW120-x-100-cm-.jpg&#8220; alt=&#8220;see me | Petra Kost | 2026&#8243; show_in_lightbox=&#8220;on&#8220; _builder_version=&#8220;4.27.5&#8243; _module_preset=&#8220;default&#8220; global_colors_info=&#8220;{}&#8220; transform_styles__hover_enabled=&#8220;on|hover&#8220; transform_scale__hover_enabled=&#8220;on|hover&#8220; transform_translate__hover_enabled=&#8220;on|desktop&#8220; transform_rotate__hover_enabled=&#8220;on|desktop&#8220; transform_skew__hover_enabled=&#8220;on|desktop&#8220; transform_origin__hover_enabled=&#8220;on|desktop&#8220; transform_scale__hover=&#8220;95%|95%&#8220;][\/et_pb_image][et_pb_text _builder_version=&#8220;4.27.5&#8243; _module_preset=&#8220;default&#8220; custom_padding=&#8220;1px|||||&#8220; global_colors_info=&#8220;{}&#8220;]<\/p>\n<p>In der Ausstellung <em>see me<\/em> setzt sich Petra Kost mit Paradoxien auseinander \u2013 mit dem, was sichtbar ist und dem, dem wir uns vielleicht entziehen. Figuren, die dr\u00e4ngen, agieren oder ausweichen, begegnen abstrakten Strukturen, die an Landschaften und nat\u00fcrliche Prozesse erinnern. Die Bilder \u00f6ffnen R\u00e4ume, in denen das Komplexe, Ambivalente und Nicht-Benennbare seinen Platz hat \u2013 zwischen N\u00e4he und Distanz, Kontrolle und Loslassen, Menschlichem und Organischem.<\/p>\n<p>In der Kombination von fig\u00fcrlichen und abstrakten Bildelementen entsteht ein stiller Dialog mit der Umgebung: Die Arbeiten verbinden sich mit dem skandinavisch inspirierten Design der M\u00f6bel und der durchdachten Raumkomposition von gute r\u00e4ume. Diese Balance aus formaler Klarheit und atmosph\u00e4rischer Tiefe l\u00e4dt ein, nicht nur zu sehen, sondern mit allen Sinnen wahrzunehmen \u2013 mit all den Widerspr\u00fcchen, die unser Leben durchziehen.<\/p>\n<p>Dauer der Ausstellung bis zum 11.04.2026<br \/>\u00d6ffnungszeiten: Mo bis Sa von 10 bis 18 Uhr<\/p>\n<p>[\/et_pb_text][\/et_pb_column][\/et_pb_row][\/et_pb_section]<\/p>\n","protected":false},"excerpt":{"rendered":"<p>Ausstellungunvereinbar \u2013 zusammen Vernissage am Freitag 19.Juni 2026 um 19 Uhr Kunstverein Quickborn, Kieler Strasse 149 in 25451 QuickbornIn ihrer Ausstellung unvereinbar \u2013 zusammen erkundet Petra Kost das Spannungsfeld von Menschsein, Verortung und Zugeh\u00f6rigkeit in einer Welt des fortw\u00e4hrenden Wandels. Ihre Malerei bewegt sich zwischen Landschaften, fragmentierten Architekturen und inneren Bildr\u00e4umen, in denen menschliche Figuren [&hellip;]<\/p>\n","protected":false},"author":1,"featured_media":1779,"parent":0,"menu_order":0,"comment_status":"closed","ping_status":"closed","template":"","meta":{"_et_pb_use_builder":"on","_et_pb_old_content":"","_et_gb_content_width":"","footnotes":""},"class_list":["post-625","page","type-page","status-publish","has-post-thumbnail","hentry"],"yoast_head":"<!-- This site is optimized with the Yoast SEO plugin v27.2 - https:\/\/yoast.com\/product\/yoast-seo-wordpress\/ -->\n<title>Aktuelles - Petra Kost<\/title>\n<meta name=\"description\" content=\"Ausstellung unvereinbar \u2013 zusammen Vernissage am Freitag 19.Juni 2026 um 19 UhrKunstverein Quickborn, Kieler Strasse 149 in 25451 Quickborn\" \/>\n<meta name=\"robots\" content=\"index, follow, max-snippet:-1, max-image-preview:large, max-video-preview:-1\" \/>\n<link rel=\"canonical\" href=\"https:\/\/petra-kost.com\/it\/aktuelles\/\" \/>\n<meta property=\"og:locale\" content=\"it_IT\" \/>\n<meta property=\"og:type\" content=\"article\" \/>\n<meta property=\"og:title\" content=\"Aktuelles - Petra Kost\" \/>\n<meta property=\"og:description\" content=\"Ausstellung unvereinbar \u2013 zusammen Vernissage am Freitag 19.Juni 2026 um 19 UhrKunstverein Quickborn, Kieler Strasse 149 in 25451 Quickborn\" \/>\n<meta property=\"og:url\" content=\"https:\/\/petra-kost.com\/it\/aktuelles\/\" \/>\n<meta property=\"og:site_name\" content=\"Petra Kost\" \/>\n<meta property=\"article:modified_time\" content=\"2026-03-18T09:34:19+00:00\" \/>\n<meta property=\"og:image\" content=\"https:\/\/petra-kost.com\/wp-content\/uploads\/2025\/07\/cropped-Shechina-2025.jpg\" \/>\n\t<meta property=\"og:image:width\" content=\"512\" \/>\n\t<meta property=\"og:image:height\" content=\"512\" \/>\n\t<meta property=\"og:image:type\" content=\"image\/jpeg\" \/>\n<meta name=\"twitter:card\" content=\"summary_large_image\" \/>\n<meta name=\"twitter:label1\" content=\"Est. reading time\" \/>\n\t<meta name=\"twitter:data1\" content=\"3 minutes\" \/>\n<script type=\"application\/ld+json\" class=\"yoast-schema-graph\">{\"@context\":\"https:\/\/schema.org\",\"@graph\":[{\"@type\":\"WebPage\",\"@id\":\"https:\/\/petra-kost.com\/aktuelles\/\",\"url\":\"https:\/\/petra-kost.com\/aktuelles\/\",\"name\":\"Aktuelles - Petra Kost\",\"isPartOf\":{\"@id\":\"https:\/\/petra-kost.com\/#website\"},\"primaryImageOfPage\":{\"@id\":\"https:\/\/petra-kost.com\/aktuelles\/#primaryimage\"},\"image\":{\"@id\":\"https:\/\/petra-kost.com\/aktuelles\/#primaryimage\"},\"thumbnailUrl\":\"https:\/\/petra-kost.com\/wp-content\/uploads\/2025\/07\/cropped-Shechina-2025.jpg\",\"datePublished\":\"2021-12-08T07:42:52+00:00\",\"dateModified\":\"2026-03-18T09:34:19+00:00\",\"description\":\"Ausstellung unvereinbar \u2013 zusammen Vernissage am Freitag 19.Juni 2026 um 19 UhrKunstverein Quickborn, Kieler Strasse 149 in 25451 Quickborn\",\"breadcrumb\":{\"@id\":\"https:\/\/petra-kost.com\/aktuelles\/#breadcrumb\"},\"inLanguage\":\"it-IT\",\"potentialAction\":[{\"@type\":\"ReadAction\",\"target\":[\"https:\/\/petra-kost.com\/aktuelles\/\"]}]},{\"@type\":\"ImageObject\",\"inLanguage\":\"it-IT\",\"@id\":\"https:\/\/petra-kost.com\/aktuelles\/#primaryimage\",\"url\":\"https:\/\/petra-kost.com\/wp-content\/uploads\/2025\/07\/cropped-Shechina-2025.jpg\",\"contentUrl\":\"https:\/\/petra-kost.com\/wp-content\/uploads\/2025\/07\/cropped-Shechina-2025.jpg\",\"width\":512,\"height\":512},{\"@type\":\"BreadcrumbList\",\"@id\":\"https:\/\/petra-kost.com\/aktuelles\/#breadcrumb\",\"itemListElement\":[{\"@type\":\"ListItem\",\"position\":1,\"name\":\"Startseite\",\"item\":\"https:\/\/petra-kost.com\/\"},{\"@type\":\"ListItem\",\"position\":2,\"name\":\"Aktuelles\"}]},{\"@type\":\"WebSite\",\"@id\":\"https:\/\/petra-kost.com\/#website\",\"url\":\"https:\/\/petra-kost.com\/\",\"name\":\"Petra Kost\",\"description\":\"Kunstwerk am Fischmarkt, Hamburg\",\"potentialAction\":[{\"@type\":\"SearchAction\",\"target\":{\"@type\":\"EntryPoint\",\"urlTemplate\":\"https:\/\/petra-kost.com\/?s={search_term_string}\"},\"query-input\":{\"@type\":\"PropertyValueSpecification\",\"valueRequired\":true,\"valueName\":\"search_term_string\"}}],\"inLanguage\":\"it-IT\"}]}<\/script>\n<!-- \/ Yoast SEO plugin. -->","yoast_head_json":{"title":"Aktuelles - Petra Kost","description":"Ausstellung unvereinbar \u2013 zusammen Vernissage am Freitag 19.Juni 2026 um 19 UhrKunstverein Quickborn, Kieler Strasse 149 in 25451 Quickborn","robots":{"index":"index","follow":"follow","max-snippet":"max-snippet:-1","max-image-preview":"max-image-preview:large","max-video-preview":"max-video-preview:-1"},"canonical":"https:\/\/petra-kost.com\/it\/aktuelles\/","og_locale":"it_IT","og_type":"article","og_title":"Aktuelles - Petra Kost","og_description":"Ausstellung unvereinbar \u2013 zusammen Vernissage am Freitag 19.Juni 2026 um 19 UhrKunstverein Quickborn, Kieler Strasse 149 in 25451 Quickborn","og_url":"https:\/\/petra-kost.com\/it\/aktuelles\/","og_site_name":"Petra Kost","article_modified_time":"2026-03-18T09:34:19+00:00","og_image":[{"width":512,"height":512,"url":"https:\/\/petra-kost.com\/wp-content\/uploads\/2025\/07\/cropped-Shechina-2025.jpg","type":"image\/jpeg"}],"twitter_card":"summary_large_image","twitter_misc":{"Est. reading time":"3 minutes"},"schema":{"@context":"https:\/\/schema.org","@graph":[{"@type":"WebPage","@id":"https:\/\/petra-kost.com\/aktuelles\/","url":"https:\/\/petra-kost.com\/aktuelles\/","name":"Aktuelles - Petra Kost","isPartOf":{"@id":"https:\/\/petra-kost.com\/#website"},"primaryImageOfPage":{"@id":"https:\/\/petra-kost.com\/aktuelles\/#primaryimage"},"image":{"@id":"https:\/\/petra-kost.com\/aktuelles\/#primaryimage"},"thumbnailUrl":"https:\/\/petra-kost.com\/wp-content\/uploads\/2025\/07\/cropped-Shechina-2025.jpg","datePublished":"2021-12-08T07:42:52+00:00","dateModified":"2026-03-18T09:34:19+00:00","description":"Ausstellung unvereinbar \u2013 zusammen Vernissage am Freitag 19.Juni 2026 um 19 UhrKunstverein Quickborn, Kieler Strasse 149 in 25451 Quickborn","breadcrumb":{"@id":"https:\/\/petra-kost.com\/aktuelles\/#breadcrumb"},"inLanguage":"it-IT","potentialAction":[{"@type":"ReadAction","target":["https:\/\/petra-kost.com\/aktuelles\/"]}]},{"@type":"ImageObject","inLanguage":"it-IT","@id":"https:\/\/petra-kost.com\/aktuelles\/#primaryimage","url":"https:\/\/petra-kost.com\/wp-content\/uploads\/2025\/07\/cropped-Shechina-2025.jpg","contentUrl":"https:\/\/petra-kost.com\/wp-content\/uploads\/2025\/07\/cropped-Shechina-2025.jpg","width":512,"height":512},{"@type":"BreadcrumbList","@id":"https:\/\/petra-kost.com\/aktuelles\/#breadcrumb","itemListElement":[{"@type":"ListItem","position":1,"name":"Startseite","item":"https:\/\/petra-kost.com\/"},{"@type":"ListItem","position":2,"name":"Aktuelles"}]},{"@type":"WebSite","@id":"https:\/\/petra-kost.com\/#website","url":"https:\/\/petra-kost.com\/","name":"Petra Kost","description":"Kunstwerk am Fischmarkt, Hamburg","potentialAction":[{"@type":"SearchAction","target":{"@type":"EntryPoint","urlTemplate":"https:\/\/petra-kost.com\/?s={search_term_string}"},"query-input":{"@type":"PropertyValueSpecification","valueRequired":true,"valueName":"search_term_string"}}],"inLanguage":"it-IT"}]}},"_links":{"self":[{"href":"https:\/\/petra-kost.com\/it\/wp-json\/wp\/v2\/pages\/625","targetHints":{"allow":["GET"]}}],"collection":[{"href":"https:\/\/petra-kost.com\/it\/wp-json\/wp\/v2\/pages"}],"about":[{"href":"https:\/\/petra-kost.com\/it\/wp-json\/wp\/v2\/types\/page"}],"author":[{"embeddable":true,"href":"https:\/\/petra-kost.com\/it\/wp-json\/wp\/v2\/users\/1"}],"replies":[{"embeddable":true,"href":"https:\/\/petra-kost.com\/it\/wp-json\/wp\/v2\/comments?post=625"}],"version-history":[{"count":10,"href":"https:\/\/petra-kost.com\/it\/wp-json\/wp\/v2\/pages\/625\/revisions"}],"predecessor-version":[{"id":1912,"href":"https:\/\/petra-kost.com\/it\/wp-json\/wp\/v2\/pages\/625\/revisions\/1912"}],"wp:featuredmedia":[{"embeddable":true,"href":"https:\/\/petra-kost.com\/it\/wp-json\/wp\/v2\/media\/1779"}],"wp:attachment":[{"href":"https:\/\/petra-kost.com\/it\/wp-json\/wp\/v2\/media?parent=625"}],"curies":[{"name":"wp","href":"https:\/\/api.w.org\/{rel}","templated":true}]}}